{"id":4665,"date":"2020-12-08T03:30:52","date_gmt":"2020-12-08T00:30:52","guid":{"rendered":"https:\/\/gndolegal.com\/makaleler\/"},"modified":"2023-04-07T21:18:31","modified_gmt":"2023-04-07T21:18:31","slug":"articles","status":"publish","type":"page","link":"https:\/\/gndolegal.com\/en\/articles\/","title":{"rendered":"Articles"},"content":{"rendered":"\t\t<div data-elementor-type=\"wp-page\" data-elementor-id=\"4665\" class=\"elementor elementor-4665 elementor-1444\">\n\t\t\t\t\t\t<section class=\"elementor-section elementor-top-section elementor-element elementor-element-aef7c66 elementor-section-full_width elementor-section-height-default elementor-section-height-default\" data-id=\"aef7c66\" data-element_type=\"section\" data-e-type=\"section\" data-settings=\"{&quot;background_background&quot;:&quot;slideshow&quot;,&quot;background_slideshow_gallery&quot;:[{&quot;id&quot;:1404,&quot;url&quot;:&quot;https:\\\/\\\/gaviaspreview.com\\\/wp\\\/sominx\\\/wp-content\\\/uploads\\\/2022\\\/03\\\/breadcrumb-2.jpg&quot;},{&quot;id&quot;:1008,&quot;url&quot;:&quot;https:\\\/\\\/gaviaspreview.com\\\/wp\\\/sominx\\\/wp-content\\\/uploads\\\/2021\\\/10\\\/breadcrumb.jpg&quot;}],&quot;background_slideshow_ken_burns&quot;:&quot;yes&quot;,&quot;background_slideshow_loop&quot;:&quot;yes&quot;,&quot;background_slideshow_slide_duration&quot;:5000,&quot;background_slideshow_slide_transition&quot;:&quot;fade&quot;,&quot;background_slideshow_transition_duration&quot;:500,&quot;background_slideshow_ken_burns_zoom_direction&quot;:&quot;in&quot;}\">\n\t\t\t\t\t\t\t<div class=\"elementor-background-overlay\"><\/div>\n\t\t\t\t\t\t\t<div class=\"elementor-container elementor-column-gap-default\">\n\t\t\t\t\t<div class=\"elementor-column elementor-col-100 elementor-top-column elementor-element elementor-element-e9e569a\" data-id=\"e9e569a\" data-element_type=\"column\" data-e-type=\"column\">\n\t\t\t<div class=\"elementor-widget-wrap elementor-element-populated\">\n\t\t\t\t\t\t<div class=\"elementor-element elementor-element-e719bb4 elementor-widget elementor-widget-gva_post_breadcrumb\" data-id=\"e719bb4\" data-element_type=\"widget\" data-e-type=\"widget\" data-widget_type=\"gva_post_breadcrumb.default\">\n\t\t\t\t<div class=\"elementor-widget-container\">\n\t\t\t\t\t<div class=\"gva-element-gva_post_breadcrumb gva-element\">   \r\n<div class=\"post-breadcrumb\">\r\n   <div class=\"custom-breadcrumb \" >\r\n               <div class=\"breadcrumb-overlay\" style=\"\"><\/div>\r\n            <div class=\"breadcrumb-main\">\r\n        <div class=\"container\">\r\n          <div class=\"breadcrumb-container-inner\">\r\n            <ol class=\"breadcrumb\"><li><a href=\"https:\/\/gndolegal.com\/en\/\">Home<\/a> <\/li> <li class=\"active\">Page<\/li><\/ol>          <\/div>  \r\n        <\/div>   \r\n      <\/div>  \r\n   <\/div>\r\n<\/div>      \r\n\r\n<\/div>\t\t\t\t<\/div>\n\t\t\t\t<\/div>\n\t\t\t\t\t<\/div>\n\t\t<\/div>\n\t\t\t\t\t<\/div>\n\t\t<\/section>\n\t\t\t\t<section class=\"elementor-section elementor-top-section elementor-element elementor-element-67af41a elementor-section-boxed elementor-section-height-default elementor-section-height-default\" data-id=\"67af41a\" data-element_type=\"section\" data-e-type=\"section\" data-settings=\"{&quot;background_background&quot;:&quot;classic&quot;}\">\n\t\t\t\t\t\t<div class=\"elementor-container elementor-column-gap-default\">\n\t\t\t\t\t<div class=\"elementor-column elementor-col-100 elementor-top-column elementor-element elementor-element-33d8502\" data-id=\"33d8502\" data-element_type=\"column\" data-e-type=\"column\">\n\t\t\t<div class=\"elementor-widget-wrap elementor-element-populated\">\n\t\t\t\t\t\t<div class=\"elementor-element elementor-element-dc277d5 elementor-widget elementor-widget-gva-posts\" data-id=\"dc277d5\" data-element_type=\"widget\" data-e-type=\"widget\" data-widget_type=\"gva-posts.default\">\n\t\t\t\t<div class=\"elementor-widget-container\">\n\t\t\t\t\t<div class=\"gva-element-gva-posts gva-element\">  \r\n  <div class=\"gva-posts-grid clearfix gva-posts\">\r\n\t\t<div class=\"gva-content-items\"> \r\n\t\t  <div class=\"lg-block-grid-2 md-block-grid-2 sm-block-grid-1 xs-block-grid-1 xx-block-grid-1\">\r\n\t\t\t <div class=\"item-columns\">\r\n   <article id=\"post-4980\" class=\"post post-style-1 post-4980 type-post status-publish format-standard has-post-thumbnail hentry category-dunya-gazetesi-en-2 category-makaleler-en-2 category-zeki-gunduz-en-2 tag-accounting tag-accounting-fraud tag-law tag-tax\">\r\n      \r\n      <div class=\"post-thumbnail\">\r\n                     <a href=\"https:\/\/gndolegal.com\/en\/the-dispute-of-accounting-fraud-in-tax-base-increase-in-2022\/\">\r\n               <img fetchpriority=\"high\" decoding=\"async\" width=\"600\" height=\"540\" src=\"https:\/\/gndolegal.com\/wp-content\/uploads\/2023\/03\/matrah-arttirimi-600x540.webp\" class=\"attachment-medium size-medium wp-post-image\" alt=\"The dispute of accounting fraud in tax base increase in 2022\" \/>            <\/a>\r\n            \r\n                     <div class=\"entry-date\">\r\n               <span class=\"date\">29 March 2023<\/span>\r\n            <\/div>\r\n               <\/div>\r\n\r\n      <div class=\"entry-content has-thumbnail\">\r\n         <div class=\"content-inner\">\r\n            <div class=\"entry-meta\">\r\n               <div class=\"clearfix meta-inline post-meta-1\"><span class=\"author vcard\"><i class=\"far fa-user-circle\"><\/i>Zeki G\u00fcnd\u00fcz<\/span><\/div>            <\/div> \r\n            <h3 class=\"entry-title\"><a href=\"https:\/\/gndolegal.com\/en\/the-dispute-of-accounting-fraud-in-tax-base-increase-in-2022\/\" rel=\"bookmark\">The dispute of accounting fraud in tax base increase in 2022<\/a><\/h3>\r\n            \r\n            <div class=\"read-more\">\r\n               <a class=\"btn-read-more\" href=\"https:\/\/gndolegal.com\/en\/the-dispute-of-accounting-fraud-in-tax-base-increase-in-2022\/\">Read more<i class=\"fas fa-angle-right\"><\/i><\/a>\r\n            <\/div>\r\n         <\/div>\r\n\r\n      <\/div>\r\n   <\/article>   \r\n\r\n  <\/div><div class=\"item-columns\">\r\n   <article id=\"post-4686\" class=\"post post-style-1 post-4686 type-post status-publish format-standard has-post-thumbnail hentry category-dunya-gazetesi-en-2 category-makaleler-en-2 category-zeki-gunduz-en-2 tag-corporate-tax-declaration tag-low-income\">\r\n      \r\n      <div class=\"post-thumbnail\">\r\n                     <a href=\"https:\/\/gndolegal.com\/en\/the-danger-of-low-income-and-corporate-tax-declaration-for-2022\/\">\r\n               <img decoding=\"async\" width=\"600\" height=\"540\" src=\"https:\/\/gndolegal.com\/wp-content\/uploads\/2023\/03\/500pn-600x540.png\" class=\"attachment-medium size-medium wp-post-image\" alt=\"The Danger of Low Income and Corporate Tax Declaration for 2022\" \/>            <\/a>\r\n            \r\n                     <div class=\"entry-date\">\r\n               <span class=\"date\">27 March 2023<\/span>\r\n            <\/div>\r\n               <\/div>\r\n\r\n      <div class=\"entry-content has-thumbnail\">\r\n         <div class=\"content-inner\">\r\n            <div class=\"entry-meta\">\r\n               <div class=\"clearfix meta-inline post-meta-1\"><span class=\"author vcard\"><i class=\"far fa-user-circle\"><\/i>Zeki G\u00fcnd\u00fcz<\/span><\/div>            <\/div> \r\n            <h3 class=\"entry-title\"><a href=\"https:\/\/gndolegal.com\/en\/the-danger-of-low-income-and-corporate-tax-declaration-for-2022\/\" rel=\"bookmark\">The Danger of Low Income and Corporate Tax Declaration for 2022<\/a><\/h3>\r\n            \r\n            <div class=\"read-more\">\r\n               <a class=\"btn-read-more\" href=\"https:\/\/gndolegal.com\/en\/the-danger-of-low-income-and-corporate-tax-declaration-for-2022\/\">Read more<i class=\"fas fa-angle-right\"><\/i><\/a>\r\n            <\/div>\r\n         <\/div>\r\n\r\n      <\/div>\r\n   <\/article>   \r\n\r\n  <\/div><div class=\"item-columns\">\r\n   <article id=\"post-4689\" class=\"post post-style-1 post-4689 type-post status-publish format-standard has-post-thumbnail hentry category-dunya-gazetesi-en-2 category-makaleler-en-2 category-selcuk-ozgenc-en-2 tag-additional-tax tag-tax tag-tax-treaties\">\r\n      \r\n      <div class=\"post-thumbnail\">\r\n                     <a href=\"https:\/\/gndolegal.com\/en\/additional-tax-and-tax-treaties\/\">\r\n               <img decoding=\"async\" width=\"600\" height=\"540\" src=\"https:\/\/gndolegal.com\/wp-content\/uploads\/2023\/03\/vergi_anlasmalari-600x540.png\" class=\"attachment-medium size-medium wp-post-image\" alt=\"Additional Tax  and Tax Treaties\" \/>            <\/a>\r\n            \r\n                     <div class=\"entry-date\">\r\n               <span class=\"date\">23 March 2023<\/span>\r\n            <\/div>\r\n               <\/div>\r\n\r\n      <div class=\"entry-content has-thumbnail\">\r\n         <div class=\"content-inner\">\r\n            <div class=\"entry-meta\">\r\n               <div class=\"clearfix meta-inline post-meta-1\"><span class=\"author vcard\"><i class=\"far fa-user-circle\"><\/i>Sel\u00e7uk \u00d6zgen\u00e7<\/span><\/div>            <\/div> \r\n            <h3 class=\"entry-title\"><a href=\"https:\/\/gndolegal.com\/en\/additional-tax-and-tax-treaties\/\" rel=\"bookmark\">Additional Tax  and Tax Treaties<\/a><\/h3>\r\n            \r\n            <div class=\"read-more\">\r\n               <a class=\"btn-read-more\" href=\"https:\/\/gndolegal.com\/en\/additional-tax-and-tax-treaties\/\">Read more<i class=\"fas fa-angle-right\"><\/i><\/a>\r\n            <\/div>\r\n         <\/div>\r\n\r\n      <\/div>\r\n   <\/article>   \r\n\r\n  <\/div><div class=\"item-columns\">\r\n   <article id=\"post-4990\" class=\"post post-style-1 post-4990 type-post status-publish format-standard has-post-thumbnail hentry category-dunya-gazetesi-en-2 category-makaleler-en-2 category-selcuk-ozgenc-en-2 tag-additional-tax tag-retroactivity tag-tax tag-the-constitutional-court\">\r\n      \r\n      <div class=\"post-thumbnail\">\r\n                     <a href=\"https:\/\/gndolegal.com\/en\/retroactivity-discussions-for-additional-tax\/\">\r\n               <img loading=\"lazy\" decoding=\"async\" width=\"600\" height=\"540\" src=\"https:\/\/gndolegal.com\/wp-content\/uploads\/2023\/03\/karsilastirmali_hukuk-600x540.png\" class=\"attachment-medium size-medium wp-post-image\" alt=\"Retroactivity discussions for additional tax\" \/>            <\/a>\r\n            \r\n                     <div class=\"entry-date\">\r\n               <span class=\"date\">16 March 2023<\/span>\r\n            <\/div>\r\n               <\/div>\r\n\r\n      <div class=\"entry-content has-thumbnail\">\r\n         <div class=\"content-inner\">\r\n            <div class=\"entry-meta\">\r\n               <div class=\"clearfix meta-inline post-meta-1\"><span class=\"author vcard\"><i class=\"far fa-user-circle\"><\/i>Sel\u00e7uk \u00d6zgen\u00e7<\/span><\/div>            <\/div> \r\n            <h3 class=\"entry-title\"><a href=\"https:\/\/gndolegal.com\/en\/retroactivity-discussions-for-additional-tax\/\" rel=\"bookmark\">Retroactivity discussions for additional tax<\/a><\/h3>\r\n            \r\n            <div class=\"read-more\">\r\n               <a class=\"btn-read-more\" href=\"https:\/\/gndolegal.com\/en\/retroactivity-discussions-for-additional-tax\/\">Read more<i class=\"fas fa-angle-right\"><\/i><\/a>\r\n            <\/div>\r\n         <\/div>\r\n\r\n      <\/div>\r\n   <\/article>   \r\n\r\n  <\/div>\t\t  <\/div>\r\n\t\t<\/div>\r\n\t\t\t\t\t <div class=\"pagination\">\r\n\t\t\t\t  <div class=\"column one pager_wrapper\"><div class=\"pager\"><div class=\"paginations\"><a href=\"https:\/\/gndolegal.com\/en\/wp-json\/wp\/v2\/pages\/4665\/\" class=\"page-item active\">1<\/a><a href=\"https:\/\/gndolegal.com\/en\/wp-json\/wp\/v2\/pages\/4665\/page\/2\/\" class=\"page-item\">2<\/a><a class=\"next_page\" href=\"https:\/\/gndolegal.com\/en\/wp-json\/wp\/v2\/pages\/4665\/page\/2\/\"><i class=\"fas fa-chevron-right\"><\/i><\/a><\/div><\/div><\/div>\n\t\t\t <\/div>\r\n\t\t  <\/div>\r\n  <\/div>\t\t\t\t<\/div>\n\t\t\t\t<\/div>\n\t\t\t\t\t<\/div>\n\t\t<\/div>\n\t\t\t\t\t<\/div>\n\t\t<\/section>\n\t\t\t\t<section class=\"elementor-section elementor-top-section elementor-element elementor-element-1d44afa elementor-section-boxed elementor-section-height-default elementor-section-height-default\" data-id=\"1d44afa\" data-element_type=\"section\" data-e-type=\"section\" data-settings=\"{&quot;background_background&quot;:&quot;classic&quot;}\">\n\t\t\t\t\t\t<div class=\"elementor-container elementor-column-gap-no\">\n\t\t\t\t\t<div class=\"elementor-column elementor-col-100 elementor-top-column elementor-element elementor-element-63336a44\" data-id=\"63336a44\" data-element_type=\"column\" data-e-type=\"column\">\n\t\t\t<div class=\"elementor-widget-wrap elementor-element-populated\">\n\t\t\t\t\t\t<section class=\"elementor-section elementor-inner-section elementor-element elementor-element-1f1c4d7c elementor-section-boxed elementor-section-height-default elementor-section-height-default\" data-id=\"1f1c4d7c\" data-element_type=\"section\" data-e-type=\"section\">\n\t\t\t\t\t\t<div class=\"elementor-container elementor-column-gap-no\">\n\t\t\t\t\t<div class=\"elementor-column elementor-col-100 elementor-inner-column elementor-element elementor-element-1f02d9d9\" data-id=\"1f02d9d9\" data-element_type=\"column\" data-e-type=\"column\">\n\t\t\t<div class=\"elementor-widget-wrap\">\n\t\t\t\t\t\t\t<\/div>\n\t\t<\/div>\n\t\t\t\t\t<\/div>\n\t\t<\/section>\n\t\t\t\t\t<\/div>\n\t\t<\/div>\n\t\t\t\t\t<\/div>\n\t\t<\/section>\n\t\t\t\t<\/div>\n\t\t","protected":false},"excerpt":{"rendered":"<p>Home Sayfa March 29, 2023 Zeki G\u00fcnd\u00fcz The dispute of accounting fraud in tax base increase in 2022 Read more March 27, 2023 Zeki G\u00fcnd\u00fcz The Danger of Low Income [&hellip;]<\/p>\n","protected":false},"author":1,"featured_media":0,"parent":0,"menu_order":0,"comment_status":"closed","ping_status":"closed","template":"","meta":{"_price":"","_stock":"","_tribe_ticket_header":"","_tribe_default_ticket_provider":"","_ticket_start_date":"","_ticket_end_date":"","_tribe_ticket_show_description":"","_tribe_ticket_show_not_going":false,"_tribe_ticket_use_global_stock":"","_tribe_ticket_global_stock_level":"","_global_stock_mode":"","_global_stock_cap":"","_tribe_rsvp_for_event":"","_tribe_ticket_going_count":"","_tribe_ticket_not_going_count":"","_tribe_tickets_list":"[]","_tribe_ticket_has_attendee_info_fields":false,"footnotes":"","_tec_slr_enabled":"","_tec_slr_layout":""},"categories":[],"tags":[],"class_list":["post-4665","page","type-page","status-publish","hentry"],"yoast_head":"<!-- This site is optimized with the Yoast SEO plugin v27.1.1 - https:\/\/yoast.com\/product\/yoast-seo-wordpress\/ -->\n<title>Articles - GNDO Legal | G\u00fcnd\u00fcz &amp; \u00d6zgen\u00e7 Avukatl\u0131k Ortakl\u0131\u011f\u0131<\/title>\n<meta name=\"robots\" content=\"index, follow, max-snippet:-1, max-image-preview:large, max-video-preview:-1\" \/>\n<link rel=\"canonical\" href=\"https:\/\/gndolegal.com\/makaleler\/\" \/>\n<meta property=\"og:locale\" content=\"en_US\" \/>\n<meta property=\"og:type\" content=\"article\" \/>\n<meta property=\"og:title\" content=\"Articles - GNDO Legal | G\u00fcnd\u00fcz &amp; \u00d6zgen\u00e7 Avukatl\u0131k Ortakl\u0131\u011f\u0131\" \/>\n<meta property=\"og:description\" content=\"Home Sayfa March 29, 2023 Zeki G\u00fcnd\u00fcz The dispute of accounting fraud in tax base increase in 2022 Read more March 27, 2023 Zeki G\u00fcnd\u00fcz The Danger of Low Income [&hellip;]\" \/>\n<meta property=\"og:url\" content=\"https:\/\/gndolegal.com\/makaleler\/\" \/>\n<meta property=\"og:site_name\" content=\"GNDO Legal | G\u00fcnd\u00fcz &amp; \u00d6zgen\u00e7 Avukatl\u0131k Ortakl\u0131\u011f\u0131\" \/>\n<meta property=\"article:modified_time\" content=\"2023-04-07T21:18:31+00:00\" \/>\n<meta property=\"og:image\" content=\"https:\/\/gndolegal.com\/wp-content\/uploads\/2023\/03\/matrah-arttirimi-600x540.webp\" \/>\n<meta name=\"twitter:card\" content=\"summary_large_image\" \/>\n<meta name=\"twitter:label1\" content=\"Est. reading time\" \/>\n\t<meta name=\"twitter:data1\" content=\"2 minutes\" \/>\n<script type=\"application\/ld+json\" class=\"yoast-schema-graph\">{\"@context\":\"https:\/\/schema.org\",\"@graph\":[{\"@type\":\"WebPage\",\"@id\":\"https:\/\/gndolegal.com\/makaleler\/\",\"url\":\"https:\/\/gndolegal.com\/makaleler\/\",\"name\":\"Articles - GNDO Legal | G\u00fcnd\u00fcz &amp; \u00d6zgen\u00e7 Avukatl\u0131k Ortakl\u0131\u011f\u0131\",\"isPartOf\":{\"@id\":\"https:\/\/gndolegal.com\/#website\"},\"primaryImageOfPage\":{\"@id\":\"https:\/\/gndolegal.com\/makaleler\/#primaryimage\"},\"image\":{\"@id\":\"https:\/\/gndolegal.com\/makaleler\/#primaryimage\"},\"thumbnailUrl\":\"https:\/\/gndolegal.com\/wp-content\/uploads\/2023\/03\/matrah-arttirimi-600x540.webp\",\"datePublished\":\"2020-12-08T00:30:52+00:00\",\"dateModified\":\"2023-04-07T21:18:31+00:00\",\"breadcrumb\":{\"@id\":\"https:\/\/gndolegal.com\/makaleler\/#breadcrumb\"},\"inLanguage\":\"en-US\",\"potentialAction\":[{\"@type\":\"ReadAction\",\"target\":[\"https:\/\/gndolegal.com\/makaleler\/\"]}]},{\"@type\":\"ImageObject\",\"inLanguage\":\"en-US\",\"@id\":\"https:\/\/gndolegal.com\/makaleler\/#primaryimage\",\"url\":\"https:\/\/gndolegal.com\/wp-content\/uploads\/2023\/03\/matrah-arttirimi-600x540.webp\",\"contentUrl\":\"https:\/\/gndolegal.com\/wp-content\/uploads\/2023\/03\/matrah-arttirimi-600x540.webp\"},{\"@type\":\"BreadcrumbList\",\"@id\":\"https:\/\/gndolegal.com\/makaleler\/#breadcrumb\",\"itemListElement\":[{\"@type\":\"ListItem\",\"position\":1,\"name\":\"Anasayfa\",\"item\":\"https:\/\/gndolegal.com\/en\/\"},{\"@type\":\"ListItem\",\"position\":2,\"name\":\"Articles\"}]},{\"@type\":\"WebSite\",\"@id\":\"https:\/\/gndolegal.com\/#website\",\"url\":\"https:\/\/gndolegal.com\/\",\"name\":\"GNDO Legal\",\"description\":\"Vergi Uyu\u015fmazl\u0131klar\u0131 \u00c7\u00f6z\u00fcm Merkezi\",\"publisher\":{\"@id\":\"https:\/\/gndolegal.com\/#organization\"},\"potentialAction\":[{\"@type\":\"SearchAction\",\"target\":{\"@type\":\"EntryPoint\",\"urlTemplate\":\"https:\/\/gndolegal.com\/?s={search_term_string}\"},\"query-input\":{\"@type\":\"PropertyValueSpecification\",\"valueRequired\":true,\"valueName\":\"search_term_string\"}}],\"inLanguage\":\"en-US\"},{\"@type\":\"Organization\",\"@id\":\"https:\/\/gndolegal.com\/#organization\",\"name\":\"GNDO Legal\",\"alternateName\":\"G\u00fcnd\u00fcz & \u00d6zgen\u00e7 Avukatl\u0131k Ortakl\u0131\u011f\u0131\",\"url\":\"https:\/\/gndolegal.com\/\",\"logo\":{\"@type\":\"ImageObject\",\"inLanguage\":\"en-US\",\"@id\":\"https:\/\/gndolegal.com\/#\/schema\/logo\/image\/\",\"url\":\"https:\/\/gndolegal.com\/wp-content\/uploads\/2022\/12\/logo_retina.jpg\",\"contentUrl\":\"https:\/\/gndolegal.com\/wp-content\/uploads\/2022\/12\/logo_retina.jpg\",\"width\":250,\"height\":68,\"caption\":\"GNDO Legal\"},\"image\":{\"@id\":\"https:\/\/gndolegal.com\/#\/schema\/logo\/image\/\"},\"sameAs\":[\"https:\/\/www.linkedin.com\/company\/gndolegal\/\"]}]}<\/script>\n<!-- \/ Yoast SEO plugin. -->","yoast_head_json":{"title":"Articles - GNDO Legal | G\u00fcnd\u00fcz &amp; \u00d6zgen\u00e7 Avukatl\u0131k Ortakl\u0131\u011f\u0131","robots":{"index":"index","follow":"follow","max-snippet":"max-snippet:-1","max-image-preview":"max-image-preview:large","max-video-preview":"max-video-preview:-1"},"canonical":"https:\/\/gndolegal.com\/makaleler\/","og_locale":"en_US","og_type":"article","og_title":"Articles - GNDO Legal | G\u00fcnd\u00fcz &amp; \u00d6zgen\u00e7 Avukatl\u0131k Ortakl\u0131\u011f\u0131","og_description":"Home Sayfa March 29, 2023 Zeki G\u00fcnd\u00fcz The dispute of accounting fraud in tax base increase in 2022 Read more March 27, 2023 Zeki G\u00fcnd\u00fcz The Danger of Low Income [&hellip;]","og_url":"https:\/\/gndolegal.com\/makaleler\/","og_site_name":"GNDO Legal | G\u00fcnd\u00fcz &amp; \u00d6zgen\u00e7 Avukatl\u0131k Ortakl\u0131\u011f\u0131","article_modified_time":"2023-04-07T21:18:31+00:00","og_image":[{"url":"https:\/\/gndolegal.com\/wp-content\/uploads\/2023\/03\/matrah-arttirimi-600x540.webp","type":"","width":"","height":""}],"twitter_card":"summary_large_image","twitter_misc":{"Est. reading time":"2 minutes"},"schema":{"@context":"https:\/\/schema.org","@graph":[{"@type":"WebPage","@id":"https:\/\/gndolegal.com\/makaleler\/","url":"https:\/\/gndolegal.com\/makaleler\/","name":"Articles - GNDO Legal | G\u00fcnd\u00fcz &amp; \u00d6zgen\u00e7 Avukatl\u0131k Ortakl\u0131\u011f\u0131","isPartOf":{"@id":"https:\/\/gndolegal.com\/#website"},"primaryImageOfPage":{"@id":"https:\/\/gndolegal.com\/makaleler\/#primaryimage"},"image":{"@id":"https:\/\/gndolegal.com\/makaleler\/#primaryimage"},"thumbnailUrl":"https:\/\/gndolegal.com\/wp-content\/uploads\/2023\/03\/matrah-arttirimi-600x540.webp","datePublished":"2020-12-08T00:30:52+00:00","dateModified":"2023-04-07T21:18:31+00:00","breadcrumb":{"@id":"https:\/\/gndolegal.com\/makaleler\/#breadcrumb"},"inLanguage":"en-US","potentialAction":[{"@type":"ReadAction","target":["https:\/\/gndolegal.com\/makaleler\/"]}]},{"@type":"ImageObject","inLanguage":"en-US","@id":"https:\/\/gndolegal.com\/makaleler\/#primaryimage","url":"https:\/\/gndolegal.com\/wp-content\/uploads\/2023\/03\/matrah-arttirimi-600x540.webp","contentUrl":"https:\/\/gndolegal.com\/wp-content\/uploads\/2023\/03\/matrah-arttirimi-600x540.webp"},{"@type":"BreadcrumbList","@id":"https:\/\/gndolegal.com\/makaleler\/#breadcrumb","itemListElement":[{"@type":"ListItem","position":1,"name":"Anasayfa","item":"https:\/\/gndolegal.com\/en\/"},{"@type":"ListItem","position":2,"name":"Articles"}]},{"@type":"WebSite","@id":"https:\/\/gndolegal.com\/#website","url":"https:\/\/gndolegal.com\/","name":"GNDO Legal","description":"Vergi Uyu\u015fmazl\u0131klar\u0131 \u00c7\u00f6z\u00fcm Merkezi","publisher":{"@id":"https:\/\/gndolegal.com\/#organization"},"potentialAction":[{"@type":"SearchAction","target":{"@type":"EntryPoint","urlTemplate":"https:\/\/gndolegal.com\/?s={search_term_string}"},"query-input":{"@type":"PropertyValueSpecification","valueRequired":true,"valueName":"search_term_string"}}],"inLanguage":"en-US"},{"@type":"Organization","@id":"https:\/\/gndolegal.com\/#organization","name":"GNDO Legal","alternateName":"G\u00fcnd\u00fcz & \u00d6zgen\u00e7 Avukatl\u0131k Ortakl\u0131\u011f\u0131","url":"https:\/\/gndolegal.com\/","logo":{"@type":"ImageObject","inLanguage":"en-US","@id":"https:\/\/gndolegal.com\/#\/schema\/logo\/image\/","url":"https:\/\/gndolegal.com\/wp-content\/uploads\/2022\/12\/logo_retina.jpg","contentUrl":"https:\/\/gndolegal.com\/wp-content\/uploads\/2022\/12\/logo_retina.jpg","width":250,"height":68,"caption":"GNDO Legal"},"image":{"@id":"https:\/\/gndolegal.com\/#\/schema\/logo\/image\/"},"sameAs":["https:\/\/www.linkedin.com\/company\/gndolegal\/"]}]}},"ticketed":false,"_links":{"self":[{"href":"https:\/\/gndolegal.com\/en\/wp-json\/wp\/v2\/pages\/4665","targetHints":{"allow":["GET"]}}],"collection":[{"href":"https:\/\/gndolegal.com\/en\/wp-json\/wp\/v2\/pages"}],"about":[{"href":"https:\/\/gndolegal.com\/en\/wp-json\/wp\/v2\/types\/page"}],"author":[{"embeddable":true,"href":"https:\/\/gndolegal.com\/en\/wp-json\/wp\/v2\/users\/1"}],"replies":[{"embeddable":true,"href":"https:\/\/gndolegal.com\/en\/wp-json\/wp\/v2\/comments?post=4665"}],"version-history":[{"count":12,"href":"https:\/\/gndolegal.com\/en\/wp-json\/wp\/v2\/pages\/4665\/revisions"}],"predecessor-version":[{"id":5184,"href":"https:\/\/gndolegal.com\/en\/wp-json\/wp\/v2\/pages\/4665\/revisions\/5184"}],"wp:attachment":[{"href":"https:\/\/gndolegal.com\/en\/wp-json\/wp\/v2\/media?parent=4665"}],"wp:term":[{"taxonomy":"category","embeddable":true,"href":"https:\/\/gndolegal.com\/en\/wp-json\/wp\/v2\/categories?post=4665"},{"taxonomy":"post_tag","embeddable":true,"href":"https:\/\/gndolegal.com\/en\/wp-json\/wp\/v2\/tags?post=4665"}],"curies":[{"name":"wp","href":"https:\/\/api.w.org\/{rel}","templated":true}]}}