{"id":4724,"date":"2020-12-08T04:14:16","date_gmt":"2020-12-08T04:14:16","guid":{"rendered":"https:\/\/gndolegal.com\/kariyer\/"},"modified":"2023-04-07T21:44:55","modified_gmt":"2023-04-07T21:44:55","slug":"career","status":"publish","type":"page","link":"https:\/\/gndolegal.com\/en\/career\/","title":{"rendered":"Career"},"content":{"rendered":"\t\t<div data-elementor-type=\"wp-page\" data-elementor-id=\"4724\" class=\"elementor elementor-4724 elementor-34\">\n\t\t\t\t\t\t<section class=\"elementor-section elementor-top-section elementor-element elementor-element-949123e elementor-section-full_width elementor-section-height-default elementor-section-height-default\" data-id=\"949123e\" data-element_type=\"section\" data-e-type=\"section\" data-settings=\"{&quot;background_background&quot;:&quot;slideshow&quot;,&quot;background_slideshow_gallery&quot;:[{&quot;id&quot;:1404,&quot;url&quot;:&quot;https:\\\/\\\/gaviaspreview.com\\\/wp\\\/sominx\\\/wp-content\\\/uploads\\\/2022\\\/03\\\/breadcrumb-2.jpg&quot;},{&quot;id&quot;:1008,&quot;url&quot;:&quot;https:\\\/\\\/gaviaspreview.com\\\/wp\\\/sominx\\\/wp-content\\\/uploads\\\/2021\\\/10\\\/breadcrumb.jpg&quot;}],&quot;background_slideshow_ken_burns&quot;:&quot;yes&quot;,&quot;background_slideshow_loop&quot;:&quot;yes&quot;,&quot;background_slideshow_slide_duration&quot;:5000,&quot;background_slideshow_slide_transition&quot;:&quot;fade&quot;,&quot;background_slideshow_transition_duration&quot;:500,&quot;background_slideshow_ken_burns_zoom_direction&quot;:&quot;in&quot;}\">\n\t\t\t\t\t\t\t<div class=\"elementor-background-overlay\"><\/div>\n\t\t\t\t\t\t\t<div class=\"elementor-container elementor-column-gap-default\">\n\t\t\t\t\t<div class=\"elementor-column elementor-col-100 elementor-top-column elementor-element elementor-element-b38a3d7\" data-id=\"b38a3d7\" data-element_type=\"column\" data-e-type=\"column\">\n\t\t\t<div class=\"elementor-widget-wrap elementor-element-populated\">\n\t\t\t\t\t\t<div class=\"elementor-element elementor-element-319dc22 elementor-widget elementor-widget-gva_post_breadcrumb\" data-id=\"319dc22\" data-element_type=\"widget\" data-e-type=\"widget\" data-widget_type=\"gva_post_breadcrumb.default\">\n\t\t\t\t<div class=\"elementor-widget-container\">\n\t\t\t\t\t<div class=\"gva-element-gva_post_breadcrumb gva-element\">   \r\n<div class=\"post-breadcrumb\">\r\n   <div class=\"custom-breadcrumb \" >\r\n               <div class=\"breadcrumb-overlay\" style=\"\"><\/div>\r\n            <div class=\"breadcrumb-main\">\r\n        <div class=\"container\">\r\n          <div class=\"breadcrumb-container-inner\">\r\n            <ol class=\"breadcrumb\"><li><a href=\"https:\/\/gndolegal.com\/en\/\">Home<\/a> <\/li> <li class=\"active\">Page<\/li><\/ol>          <\/div>  \r\n        <\/div>   \r\n      <\/div>  \r\n   <\/div>\r\n<\/div>      \r\n\r\n<\/div>\t\t\t\t<\/div>\n\t\t\t\t<\/div>\n\t\t\t\t\t<\/div>\n\t\t<\/div>\n\t\t\t\t\t<\/div>\n\t\t<\/section>\n\t\t\t\t<section class=\"elementor-section elementor-top-section elementor-element elementor-element-2cae013f elementor-section-boxed elementor-section-height-default elementor-section-height-default\" data-id=\"2cae013f\" data-element_type=\"section\" data-e-type=\"section\">\n\t\t\t\t\t\t<div class=\"elementor-container elementor-column-gap-default\">\n\t\t\t\t\t<div class=\"elementor-column elementor-col-100 elementor-top-column elementor-element elementor-element-d40ca21\" data-id=\"d40ca21\" data-element_type=\"column\" data-e-type=\"column\">\n\t\t\t<div class=\"elementor-widget-wrap elementor-element-populated\">\n\t\t\t\t\t\t<div class=\"elementor-element elementor-element-f3eef5f elementor-widget elementor-widget-spacer\" data-id=\"f3eef5f\" data-element_type=\"widget\" data-e-type=\"widget\" data-widget_type=\"spacer.default\">\n\t\t\t\t<div class=\"elementor-widget-container\">\n\t\t\t\t\t\t\t<div class=\"elementor-spacer\">\n\t\t\t<div class=\"elementor-spacer-inner\"><\/div>\n\t\t<\/div>\n\t\t\t\t\t\t<\/div>\n\t\t\t\t<\/div>\n\t\t\t\t\t<\/div>\n\t\t<\/div>\n\t\t\t\t\t<\/div>\n\t\t<\/section>\n\t\t\t\t<section class=\"elementor-section elementor-top-section elementor-element elementor-element-b2e4807 elementor-section-boxed elementor-section-height-default elementor-section-height-default\" data-id=\"b2e4807\" data-element_type=\"section\" data-e-type=\"section\">\n\t\t\t\t\t\t<div class=\"elementor-container elementor-column-gap-default\">\n\t\t\t\t\t<div class=\"elementor-column elementor-col-100 elementor-top-column elementor-element elementor-element-61d2d72\" data-id=\"61d2d72\" data-element_type=\"column\" data-e-type=\"column\">\n\t\t\t<div class=\"elementor-widget-wrap elementor-element-populated\">\n\t\t\t\t\t\t<div class=\"elementor-element elementor-element-cd7eee3 elementor-widget elementor-widget-gva-career-block\" data-id=\"cd7eee3\" data-element_type=\"widget\" data-e-type=\"widget\" data-widget_type=\"gva-career-block.default\">\n\t\t\t\t<div class=\"elementor-widget-container\">\n\t\t\t\t\t<div class=\"gva-element-gva-career-block gva-element\">   <div class=\"gsc-career\">\r\n\r\n      <div class=\"box-content clearfix\">\r\n                     <span class=\"job-type\">Yar\u0131 - Tam Zamanl\u0131<\/span>\r\n                  \r\n                     <h2 class=\"title\">\r\n              General Application            <\/h2>\r\n         \r\n         <div class=\"box-information clearfix\">\r\n            <ul>\r\n                                 <li class=\"job-company\">\r\n                     <i class=\"icon fa fa-suitcase\"><\/i>\r\n                     GNDO Legal                  <\/li>\r\n                                                <li class=\"job-address\">\r\n                     <i class=\"icon fas fa-map-marker-alt\"><\/i>\r\n                     T\u00fcrkiye                  <\/li>\r\n                           <\/ul>\r\n         <\/div>\r\n\r\n         <div class=\"job-desc\">There are no vacant positions at the moment..You can send your CV to admin@gndolegal.com to be evaluated for the future.<\/div>\r\n         \r\n\r\n      <\/div>   \r\n   <\/div>\r\n<\/div>\t\t\t\t<\/div>\n\t\t\t\t<\/div>\n\t\t\t\t\t<\/div>\n\t\t<\/div>\n\t\t\t\t\t<\/div>\n\t\t<\/section>\n\t\t\t\t<\/div>\n\t\t","protected":false},"excerpt":{"rendered":"<p>Home Sayfa Yar\u0131 &#8211; Tam Zamanl\u0131 General Application GNDO Legal T\u00fcrkiye There are no vacant positions at the moment..You can send your CV to admin@gndolegal.com to be evaluated for the [&hellip;]<\/p>\n","protected":false},"author":1,"featured_media":0,"parent":0,"menu_order":0,"comment_status":"closed","ping_status":"closed","template":"","meta":{"_price":"","_stock":"","_tribe_ticket_header":"","_tribe_default_ticket_provider":"","_ticket_start_date":"","_ticket_end_date":"","_tribe_ticket_show_description":"","_tribe_ticket_show_not_going":false,"_tribe_ticket_use_global_stock":"","_tribe_ticket_global_stock_level":"","_global_stock_mode":"","_global_stock_cap":"","_tribe_rsvp_for_event":"","_tribe_ticket_going_count":"","_tribe_ticket_not_going_count":"","_tribe_tickets_list":"[]","_tribe_ticket_has_attendee_info_fields":false,"footnotes":"","_tec_slr_enabled":"","_tec_slr_layout":""},"categories":[],"tags":[],"class_list":["post-4724","page","type-page","status-publish","hentry"],"yoast_head":"<!-- This site is optimized with the Yoast SEO plugin v27.1.1 - https:\/\/yoast.com\/product\/yoast-seo-wordpress\/ -->\n<title>Career - GNDO Legal | G\u00fcnd\u00fcz &amp; \u00d6zgen\u00e7 Avukatl\u0131k Ortakl\u0131\u011f\u0131<\/title>\n<meta name=\"robots\" content=\"index, follow, max-snippet:-1, max-image-preview:large, max-video-preview:-1\" \/>\n<link rel=\"canonical\" href=\"https:\/\/gndolegal.com\/kariyer\/\" \/>\n<meta property=\"og:locale\" content=\"en_US\" \/>\n<meta property=\"og:type\" content=\"article\" \/>\n<meta property=\"og:title\" content=\"Career - GNDO Legal | G\u00fcnd\u00fcz &amp; \u00d6zgen\u00e7 Avukatl\u0131k Ortakl\u0131\u011f\u0131\" \/>\n<meta property=\"og:description\" content=\"Home Sayfa Yar\u0131 &#8211; Tam Zamanl\u0131 General Application GNDO Legal T\u00fcrkiye There are no vacant positions at the moment..You can send your CV to admin@gndolegal.com to be evaluated for the [&hellip;]\" \/>\n<meta property=\"og:url\" content=\"https:\/\/gndolegal.com\/kariyer\/\" \/>\n<meta property=\"og:site_name\" content=\"GNDO Legal | G\u00fcnd\u00fcz &amp; \u00d6zgen\u00e7 Avukatl\u0131k Ortakl\u0131\u011f\u0131\" \/>\n<meta property=\"article:modified_time\" content=\"2023-04-07T21:44:55+00:00\" \/>\n<meta name=\"twitter:card\" content=\"summary_large_image\" \/>\n<meta name=\"twitter:label1\" content=\"Est. reading time\" \/>\n\t<meta name=\"twitter:data1\" content=\"1 minute\" \/>\n<script type=\"application\/ld+json\" class=\"yoast-schema-graph\">{\"@context\":\"https:\/\/schema.org\",\"@graph\":[{\"@type\":\"WebPage\",\"@id\":\"https:\/\/gndolegal.com\/kariyer\/\",\"url\":\"https:\/\/gndolegal.com\/kariyer\/\",\"name\":\"Career - GNDO Legal | G\u00fcnd\u00fcz &amp; \u00d6zgen\u00e7 Avukatl\u0131k Ortakl\u0131\u011f\u0131\",\"isPartOf\":{\"@id\":\"https:\/\/gndolegal.com\/#website\"},\"datePublished\":\"2020-12-08T04:14:16+00:00\",\"dateModified\":\"2023-04-07T21:44:55+00:00\",\"breadcrumb\":{\"@id\":\"https:\/\/gndolegal.com\/kariyer\/#breadcrumb\"},\"inLanguage\":\"en-US\",\"potentialAction\":[{\"@type\":\"ReadAction\",\"target\":[\"https:\/\/gndolegal.com\/kariyer\/\"]}]},{\"@type\":\"BreadcrumbList\",\"@id\":\"https:\/\/gndolegal.com\/kariyer\/#breadcrumb\",\"itemListElement\":[{\"@type\":\"ListItem\",\"position\":1,\"name\":\"Anasayfa\",\"item\":\"https:\/\/gndolegal.com\/en\/\"},{\"@type\":\"ListItem\",\"position\":2,\"name\":\"Career\"}]},{\"@type\":\"WebSite\",\"@id\":\"https:\/\/gndolegal.com\/#website\",\"url\":\"https:\/\/gndolegal.com\/\",\"name\":\"GNDO Legal\",\"description\":\"Vergi Uyu\u015fmazl\u0131klar\u0131 \u00c7\u00f6z\u00fcm Merkezi\",\"publisher\":{\"@id\":\"https:\/\/gndolegal.com\/#organization\"},\"potentialAction\":[{\"@type\":\"SearchAction\",\"target\":{\"@type\":\"EntryPoint\",\"urlTemplate\":\"https:\/\/gndolegal.com\/?s={search_term_string}\"},\"query-input\":{\"@type\":\"PropertyValueSpecification\",\"valueRequired\":true,\"valueName\":\"search_term_string\"}}],\"inLanguage\":\"en-US\"},{\"@type\":\"Organization\",\"@id\":\"https:\/\/gndolegal.com\/#organization\",\"name\":\"GNDO Legal\",\"alternateName\":\"G\u00fcnd\u00fcz & \u00d6zgen\u00e7 Avukatl\u0131k Ortakl\u0131\u011f\u0131\",\"url\":\"https:\/\/gndolegal.com\/\",\"logo\":{\"@type\":\"ImageObject\",\"inLanguage\":\"en-US\",\"@id\":\"https:\/\/gndolegal.com\/#\/schema\/logo\/image\/\",\"url\":\"https:\/\/gndolegal.com\/wp-content\/uploads\/2022\/12\/logo_retina.jpg\",\"contentUrl\":\"https:\/\/gndolegal.com\/wp-content\/uploads\/2022\/12\/logo_retina.jpg\",\"width\":250,\"height\":68,\"caption\":\"GNDO Legal\"},\"image\":{\"@id\":\"https:\/\/gndolegal.com\/#\/schema\/logo\/image\/\"},\"sameAs\":[\"https:\/\/www.linkedin.com\/company\/gndolegal\/\"]}]}<\/script>\n<!-- \/ Yoast SEO plugin. -->","yoast_head_json":{"title":"Career - GNDO Legal | G\u00fcnd\u00fcz &amp; \u00d6zgen\u00e7 Avukatl\u0131k Ortakl\u0131\u011f\u0131","robots":{"index":"index","follow":"follow","max-snippet":"max-snippet:-1","max-image-preview":"max-image-preview:large","max-video-preview":"max-video-preview:-1"},"canonical":"https:\/\/gndolegal.com\/kariyer\/","og_locale":"en_US","og_type":"article","og_title":"Career - GNDO Legal | G\u00fcnd\u00fcz &amp; \u00d6zgen\u00e7 Avukatl\u0131k Ortakl\u0131\u011f\u0131","og_description":"Home Sayfa Yar\u0131 &#8211; Tam Zamanl\u0131 General Application GNDO Legal T\u00fcrkiye There are no vacant positions at the moment..You can send your CV to admin@gndolegal.com to be evaluated for the [&hellip;]","og_url":"https:\/\/gndolegal.com\/kariyer\/","og_site_name":"GNDO Legal | G\u00fcnd\u00fcz &amp; \u00d6zgen\u00e7 Avukatl\u0131k Ortakl\u0131\u011f\u0131","article_modified_time":"2023-04-07T21:44:55+00:00","twitter_card":"summary_large_image","twitter_misc":{"Est. reading time":"1 minute"},"schema":{"@context":"https:\/\/schema.org","@graph":[{"@type":"WebPage","@id":"https:\/\/gndolegal.com\/kariyer\/","url":"https:\/\/gndolegal.com\/kariyer\/","name":"Career - GNDO Legal | G\u00fcnd\u00fcz &amp; \u00d6zgen\u00e7 Avukatl\u0131k Ortakl\u0131\u011f\u0131","isPartOf":{"@id":"https:\/\/gndolegal.com\/#website"},"datePublished":"2020-12-08T04:14:16+00:00","dateModified":"2023-04-07T21:44:55+00:00","breadcrumb":{"@id":"https:\/\/gndolegal.com\/kariyer\/#breadcrumb"},"inLanguage":"en-US","potentialAction":[{"@type":"ReadAction","target":["https:\/\/gndolegal.com\/kariyer\/"]}]},{"@type":"BreadcrumbList","@id":"https:\/\/gndolegal.com\/kariyer\/#breadcrumb","itemListElement":[{"@type":"ListItem","position":1,"name":"Anasayfa","item":"https:\/\/gndolegal.com\/en\/"},{"@type":"ListItem","position":2,"name":"Career"}]},{"@type":"WebSite","@id":"https:\/\/gndolegal.com\/#website","url":"https:\/\/gndolegal.com\/","name":"GNDO Legal","description":"Vergi Uyu\u015fmazl\u0131klar\u0131 \u00c7\u00f6z\u00fcm Merkezi","publisher":{"@id":"https:\/\/gndolegal.com\/#organization"},"potentialAction":[{"@type":"SearchAction","target":{"@type":"EntryPoint","urlTemplate":"https:\/\/gndolegal.com\/?s={search_term_string}"},"query-input":{"@type":"PropertyValueSpecification","valueRequired":true,"valueName":"search_term_string"}}],"inLanguage":"en-US"},{"@type":"Organization","@id":"https:\/\/gndolegal.com\/#organization","name":"GNDO Legal","alternateName":"G\u00fcnd\u00fcz & \u00d6zgen\u00e7 Avukatl\u0131k Ortakl\u0131\u011f\u0131","url":"https:\/\/gndolegal.com\/","logo":{"@type":"ImageObject","inLanguage":"en-US","@id":"https:\/\/gndolegal.com\/#\/schema\/logo\/image\/","url":"https:\/\/gndolegal.com\/wp-content\/uploads\/2022\/12\/logo_retina.jpg","contentUrl":"https:\/\/gndolegal.com\/wp-content\/uploads\/2022\/12\/logo_retina.jpg","width":250,"height":68,"caption":"GNDO Legal"},"image":{"@id":"https:\/\/gndolegal.com\/#\/schema\/logo\/image\/"},"sameAs":["https:\/\/www.linkedin.com\/company\/gndolegal\/"]}]}},"ticketed":false,"_links":{"self":[{"href":"https:\/\/gndolegal.com\/en\/wp-json\/wp\/v2\/pages\/4724","targetHints":{"allow":["GET"]}}],"collection":[{"href":"https:\/\/gndolegal.com\/en\/wp-json\/wp\/v2\/pages"}],"about":[{"href":"https:\/\/gndolegal.com\/en\/wp-json\/wp\/v2\/types\/page"}],"author":[{"embeddable":true,"href":"https:\/\/gndolegal.com\/en\/wp-json\/wp\/v2\/users\/1"}],"replies":[{"embeddable":true,"href":"https:\/\/gndolegal.com\/en\/wp-json\/wp\/v2\/comments?post=4724"}],"version-history":[{"count":5,"href":"https:\/\/gndolegal.com\/en\/wp-json\/wp\/v2\/pages\/4724\/revisions"}],"predecessor-version":[{"id":5216,"href":"https:\/\/gndolegal.com\/en\/wp-json\/wp\/v2\/pages\/4724\/revisions\/5216"}],"wp:attachment":[{"href":"https:\/\/gndolegal.com\/en\/wp-json\/wp\/v2\/media?parent=4724"}],"wp:term":[{"taxonomy":"category","embeddable":true,"href":"https:\/\/gndolegal.com\/en\/wp-json\/wp\/v2\/categories?post=4724"},{"taxonomy":"post_tag","embeddable":true,"href":"https:\/\/gndolegal.com\/en\/wp-json\/wp\/v2\/tags?post=4724"}],"curies":[{"name":"wp","href":"https:\/\/api.w.org\/{rel}","templated":true}]}}