{"id":5065,"date":"2023-04-06T17:56:28","date_gmt":"2023-04-06T17:56:28","guid":{"rendered":"https:\/\/gndolegal.com\/?page_id=5065"},"modified":"2023-04-06T18:24:38","modified_gmt":"2023-04-06T18:24:38","slug":"husnu-can-dincsoy","status":"publish","type":"page","link":"https:\/\/gndolegal.com\/en\/husnu-can-dincsoy\/","title":{"rendered":"H\u00fcsn\u00fc Can D\u0130N\u00c7SOY"},"content":{"rendered":"\t\t<div data-elementor-type=\"wp-page\" data-elementor-id=\"5065\" class=\"elementor elementor-5065\">\n\t\t\t\t\t\t<section class=\"elementor-section elementor-top-section elementor-element elementor-element-631f7fc elementor-section-full_width elementor-section-height-default elementor-section-height-default\" data-id=\"631f7fc\" data-element_type=\"section\" data-e-type=\"section\" data-settings=\"{&quot;background_background&quot;:&quot;slideshow&quot;,&quot;background_slideshow_gallery&quot;:[{&quot;id&quot;:1404,&quot;url&quot;:&quot;https:\\\/\\\/gaviaspreview.com\\\/wp\\\/sominx\\\/wp-content\\\/uploads\\\/2022\\\/03\\\/breadcrumb-2.jpg&quot;},{&quot;id&quot;:1008,&quot;url&quot;:&quot;https:\\\/\\\/gaviaspreview.com\\\/wp\\\/sominx\\\/wp-content\\\/uploads\\\/2021\\\/10\\\/breadcrumb.jpg&quot;}],&quot;background_slideshow_ken_burns&quot;:&quot;yes&quot;,&quot;background_slideshow_loop&quot;:&quot;yes&quot;,&quot;background_slideshow_slide_duration&quot;:5000,&quot;background_slideshow_slide_transition&quot;:&quot;fade&quot;,&quot;background_slideshow_transition_duration&quot;:500,&quot;background_slideshow_ken_burns_zoom_direction&quot;:&quot;in&quot;}\">\n\t\t\t\t\t\t\t<div class=\"elementor-background-overlay\"><\/div>\n\t\t\t\t\t\t\t<div class=\"elementor-container elementor-column-gap-default\">\n\t\t\t\t\t<div class=\"elementor-column elementor-col-100 elementor-top-column elementor-element elementor-element-8c924fc\" data-id=\"8c924fc\" data-element_type=\"column\" data-e-type=\"column\">\n\t\t\t<div class=\"elementor-widget-wrap elementor-element-populated\">\n\t\t\t\t\t\t<div class=\"elementor-element elementor-element-333a2bb elementor-widget elementor-widget-gva_post_breadcrumb\" data-id=\"333a2bb\" data-element_type=\"widget\" data-e-type=\"widget\" data-widget_type=\"gva_post_breadcrumb.default\">\n\t\t\t\t<div class=\"elementor-widget-container\">\n\t\t\t\t\t<div class=\"gva-element-gva_post_breadcrumb gva-element\">   \r\n<div class=\"post-breadcrumb\">\r\n   <div class=\"custom-breadcrumb \" >\r\n               <div class=\"breadcrumb-overlay\" style=\"\"><\/div>\r\n            <div class=\"breadcrumb-main\">\r\n        <div class=\"container\">\r\n          <div class=\"breadcrumb-container-inner\">\r\n            <ol class=\"breadcrumb\"><li><a href=\"https:\/\/gndolegal.com\/en\/\">Home<\/a> <\/li> <li class=\"active\">Page<\/li><\/ol>          <\/div>  \r\n        <\/div>   \r\n      <\/div>  \r\n   <\/div>\r\n<\/div>      \r\n\r\n<\/div>\t\t\t\t<\/div>\n\t\t\t\t<\/div>\n\t\t\t\t\t<\/div>\n\t\t<\/div>\n\t\t\t\t\t<\/div>\n\t\t<\/section>\n\t\t\t\t<section class=\"elementor-section elementor-top-section elementor-element elementor-element-f7bbf3f elementor-section-boxed elementor-section-height-default elementor-section-height-default\" data-id=\"f7bbf3f\" data-element_type=\"section\" data-e-type=\"section\">\n\t\t\t\t\t\t<div class=\"elementor-container elementor-column-gap-no\">\n\t\t\t\t\t<div class=\"elementor-column elementor-col-100 elementor-top-column elementor-element elementor-element-aee636a\" data-id=\"aee636a\" data-element_type=\"column\" data-e-type=\"column\">\n\t\t\t<div class=\"elementor-widget-wrap elementor-element-populated\">\n\t\t\t\t\t\t<div class=\"elementor-element elementor-element-b69aae1 elementor-widget elementor-widget-gva-heading-block\" data-id=\"b69aae1\" data-element_type=\"widget\" data-e-type=\"widget\" data-widget_type=\"gva-heading-block.default\">\n\t\t\t\t<div class=\"elementor-widget-container\">\n\t\t\t\t\t<div class=\"gva-element-gva-heading-block gva-element\">   <div class=\"align-left style-1 widget gsc-heading box-align-left auto-responsive\">\r\n      <div class=\"content-inner\">\r\n         \r\n         \r\n           \r\n         \r\n                     <h2 class=\"title\">\r\n               <span>H\u00fcsn\u00fc Can D\u0130N\u00c7SOY<\/span>\r\n            <\/h2>\r\n                  \r\n         \r\n      <\/div>\r\n   <\/div>\r\n<\/div>\t\t\t\t<\/div>\n\t\t\t\t<\/div>\n\t\t\t\t<div class=\"elementor-element elementor-element-75a7dda elementor-widget elementor-widget-text-editor\" data-id=\"75a7dda\" data-element_type=\"widget\" data-e-type=\"widget\" data-widget_type=\"text-editor.default\">\n\t\t\t\t<div class=\"elementor-widget-container\">\n\t\t\t\t\t\t\t\t\t<p>Certified Public Accountant<\/p>\t\t\t\t\t\t\t\t<\/div>\n\t\t\t\t<\/div>\n\t\t\t\t<div class=\"elementor-element elementor-element-41048cb elementor-widget-divider--view-line elementor-widget elementor-widget-divider\" data-id=\"41048cb\" data-element_type=\"widget\" data-e-type=\"widget\" data-widget_type=\"divider.default\">\n\t\t\t\t<div class=\"elementor-widget-container\">\n\t\t\t\t\t\t\t<div class=\"elementor-divider\">\n\t\t\t<span class=\"elementor-divider-separator\">\n\t\t\t\t\t\t<\/span>\n\t\t<\/div>\n\t\t\t\t\t\t<\/div>\n\t\t\t\t<\/div>\n\t\t\t\t<div class=\"elementor-element elementor-element-4d1b622 elementor-widget elementor-widget-gva-heading-block\" data-id=\"4d1b622\" data-element_type=\"widget\" data-e-type=\"widget\" data-widget_type=\"gva-heading-block.default\">\n\t\t\t\t<div class=\"elementor-widget-container\">\n\t\t\t\t\t<div class=\"gva-element-gva-heading-block gva-element\">   <div class=\"align-left style-1 widget gsc-heading box-align-left auto-responsive\">\r\n      <div class=\"content-inner\">\r\n         \r\n         \r\n           \r\n         \r\n                     <h2 class=\"title\">\r\n               <span>EDUCATION AND FOREIGN LANGUAGES <\/span>\r\n            <\/h2>\r\n                  \r\n         \r\n      <\/div>\r\n   <\/div>\r\n<\/div>\t\t\t\t<\/div>\n\t\t\t\t<\/div>\n\t\t\t\t<div class=\"elementor-element elementor-element-df647c5 elementor-widget elementor-widget-text-editor\" data-id=\"df647c5\" data-element_type=\"widget\" data-e-type=\"widget\" data-widget_type=\"text-editor.default\">\n\t\t\t\t<div class=\"elementor-widget-container\">\n\t\t\t\t\t\t\t\t\t<p>Department of Business Studies, Faculty of Administration, Istanbul University<br \/>English-German<\/p>\t\t\t\t\t\t\t\t<\/div>\n\t\t\t\t<\/div>\n\t\t\t\t<div class=\"elementor-element elementor-element-a268347 elementor-widget-divider--view-line elementor-widget elementor-widget-divider\" data-id=\"a268347\" data-element_type=\"widget\" data-e-type=\"widget\" data-widget_type=\"divider.default\">\n\t\t\t\t<div class=\"elementor-widget-container\">\n\t\t\t\t\t\t\t<div class=\"elementor-divider\">\n\t\t\t<span class=\"elementor-divider-separator\">\n\t\t\t\t\t\t<\/span>\n\t\t<\/div>\n\t\t\t\t\t\t<\/div>\n\t\t\t\t<\/div>\n\t\t\t\t<div class=\"elementor-element elementor-element-ea34fd1 elementor-widget elementor-widget-gva-heading-block\" data-id=\"ea34fd1\" data-element_type=\"widget\" data-e-type=\"widget\" data-widget_type=\"gva-heading-block.default\">\n\t\t\t\t<div class=\"elementor-widget-container\">\n\t\t\t\t\t<div class=\"gva-element-gva-heading-block gva-element\">   <div class=\"align-left style-1 widget gsc-heading box-align-left auto-responsive\">\r\n      <div class=\"content-inner\">\r\n         \r\n         \r\n           \r\n         \r\n                     <h2 class=\"title\">\r\n               <span>PROFESSIONAL EXPERIENCE<\/span>\r\n            <\/h2>\r\n                  \r\n         \r\n      <\/div>\r\n   <\/div>\r\n<\/div>\t\t\t\t<\/div>\n\t\t\t\t<\/div>\n\t\t\t\t<div class=\"elementor-element elementor-element-a96ef3e elementor-widget elementor-widget-text-editor\" data-id=\"a96ef3e\" data-element_type=\"widget\" data-e-type=\"widget\" data-widget_type=\"text-editor.default\">\n\t\t\t\t<div class=\"elementor-widget-container\">\n\t\t\t\t\t\t\t\t\t<p>Din\u00e7soy, who started his career as an auditor at PwC Turkey, has been active in PwC throughout his career in Germany and Turkey. He was accepted into the partnership of the Turkey office in 2000. Din\u00e7soy has served at various levels, as a consulting services leader,<br \/>as a member of the Turkey board of directors, and as a Member of the board of PwC Europe Consulting.<\/p>\t\t\t\t\t\t\t\t<\/div>\n\t\t\t\t<\/div>\n\t\t\t\t<div class=\"elementor-element elementor-element-4360af9 elementor-widget-divider--view-line elementor-widget elementor-widget-divider\" data-id=\"4360af9\" data-element_type=\"widget\" data-e-type=\"widget\" data-widget_type=\"divider.default\">\n\t\t\t\t<div class=\"elementor-widget-container\">\n\t\t\t\t\t\t\t<div class=\"elementor-divider\">\n\t\t\t<span class=\"elementor-divider-separator\">\n\t\t\t\t\t\t<\/span>\n\t\t<\/div>\n\t\t\t\t\t\t<\/div>\n\t\t\t\t<\/div>\n\t\t\t\t<div class=\"elementor-element elementor-element-dd9204e elementor-widget elementor-widget-gva-heading-block\" data-id=\"dd9204e\" data-element_type=\"widget\" data-e-type=\"widget\" data-widget_type=\"gva-heading-block.default\">\n\t\t\t\t<div class=\"elementor-widget-container\">\n\t\t\t\t\t<div class=\"gva-element-gva-heading-block gva-element\">   <div class=\"align-left style-1 widget gsc-heading box-align-left auto-responsive\">\r\n      <div class=\"content-inner\">\r\n         \r\n         \r\n           \r\n         \r\n                     <h2 class=\"title\">\r\n               <span>EXPERTISE<\/span>\r\n            <\/h2>\r\n                  \r\n         \r\n      <\/div>\r\n   <\/div>\r\n<\/div>\t\t\t\t<\/div>\n\t\t\t\t<\/div>\n\t\t\t\t<div class=\"elementor-element elementor-element-3280de5 elementor-widget elementor-widget-text-editor\" data-id=\"3280de5\" data-element_type=\"widget\" data-e-type=\"widget\" data-widget_type=\"text-editor.default\">\n\t\t\t\t<div class=\"elementor-widget-container\">\n\t\t\t\t\t\t\t\t\t<p>His main areas of expertise are mergers and acquisitions, management consultancy valuation services and corporate finance services. In this context, he has taken a leading role in financial M&amp;A consultancy, private equity fund consultancy, public-private partnership\/project finance consultancy, restructuring consultancy and large-scale digital transformation projects.<\/p>\t\t\t\t\t\t\t\t<\/div>\n\t\t\t\t<\/div>\n\t\t\t\t<div class=\"elementor-element elementor-element-f61dfeb elementor-widget-divider--view-line elementor-widget elementor-widget-divider\" data-id=\"f61dfeb\" data-element_type=\"widget\" data-e-type=\"widget\" data-widget_type=\"divider.default\">\n\t\t\t\t<div class=\"elementor-widget-container\">\n\t\t\t\t\t\t\t<div class=\"elementor-divider\">\n\t\t\t<span class=\"elementor-divider-separator\">\n\t\t\t\t\t\t<\/span>\n\t\t<\/div>\n\t\t\t\t\t\t<\/div>\n\t\t\t\t<\/div>\n\t\t\t\t<div class=\"elementor-element elementor-element-39c7f9e elementor-widget elementor-widget-gva-heading-block\" data-id=\"39c7f9e\" data-element_type=\"widget\" data-e-type=\"widget\" data-widget_type=\"gva-heading-block.default\">\n\t\t\t\t<div class=\"elementor-widget-container\">\n\t\t\t\t\t<div class=\"gva-element-gva-heading-block gva-element\">   <div class=\"align-left style-1 widget gsc-heading box-align-left auto-responsive\">\r\n      <div class=\"content-inner\">\r\n         \r\n         \r\n           \r\n         \r\n                     <h2 class=\"title\">\r\n               <span>QUALIFICATIONS AND MEMBERSHIPS          <\/span>\r\n            <\/h2>\r\n                  \r\n         \r\n      <\/div>\r\n   <\/div>\r\n<\/div>\t\t\t\t<\/div>\n\t\t\t\t<\/div>\n\t\t\t\t<div class=\"elementor-element elementor-element-8bc5bba elementor-widget elementor-widget-text-editor\" data-id=\"8bc5bba\" data-element_type=\"widget\" data-e-type=\"widget\" data-widget_type=\"text-editor.default\">\n\t\t\t\t<div class=\"elementor-widget-container\">\n\t\t\t\t\t\t\t\t\t<p>Certified Public Accountant<br \/>Advance Brokerage Licence<br \/>Independent Valuation Expert and Qualified Investment Officer<\/p>\t\t\t\t\t\t\t\t<\/div>\n\t\t\t\t<\/div>\n\t\t\t\t<div class=\"elementor-element elementor-element-c8643f6 elementor-align-start elementor-icon-list--layout-traditional elementor-list-item-link-full_width elementor-widget elementor-widget-icon-list\" data-id=\"c8643f6\" data-element_type=\"widget\" data-e-type=\"widget\" data-widget_type=\"icon-list.default\">\n\t\t\t\t<div class=\"elementor-widget-container\">\n\t\t\t\t\t\t\t<ul class=\"elementor-icon-list-items\">\n\t\t\t\t\t\t\t<li class=\"elementor-icon-list-item\">\n\t\t\t\t\t\t\t\t\t\t\t<span class=\"elementor-icon-list-icon\">\n\t\t\t\t\t\t\t<i aria-hidden=\"true\" class=\" icon-sominx-telephone\"><\/i>\t\t\t\t\t\t<\/span>\n\t\t\t\t\t\t\t\t\t\t<span class=\"elementor-icon-list-text\">0212 211 11 80<\/span>\n\t\t\t\t\t\t\t\t\t<\/li>\n\t\t\t\t\t\t\t\t<li class=\"elementor-icon-list-item\">\n\t\t\t\t\t\t\t\t\t\t\t<a href=\"https:\/\/www.linkedin.com\/in\/dincsoy\/?originalSubdomain=tr\">\n\n\t\t\t\t\t\t\t\t\t\t\t\t<span class=\"elementor-icon-list-icon\">\n\t\t\t\t\t\t\t<i aria-hidden=\"true\" class=\"fab fa-linkedin-in\"><\/i>\t\t\t\t\t\t<\/span>\n\t\t\t\t\t\t\t\t\t\t<span class=\"elementor-icon-list-text\">dincsoy<\/span>\n\t\t\t\t\t\t\t\t\t\t\t<\/a>\n\t\t\t\t\t\t\t\t\t<\/li>\n\t\t\t\t\t\t<\/ul>\n\t\t\t\t\t\t<\/div>\n\t\t\t\t<\/div>\n\t\t\t\t<div class=\"elementor-element elementor-element-59619f4 elementor-widget-divider--view-line elementor-widget elementor-widget-divider\" data-id=\"59619f4\" data-element_type=\"widget\" data-e-type=\"widget\" data-widget_type=\"divider.default\">\n\t\t\t\t<div class=\"elementor-widget-container\">\n\t\t\t\t\t\t\t<div class=\"elementor-divider\">\n\t\t\t<span class=\"elementor-divider-separator\">\n\t\t\t\t\t\t<\/span>\n\t\t<\/div>\n\t\t\t\t\t\t<\/div>\n\t\t\t\t<\/div>\n\t\t\t\t\t<\/div>\n\t\t<\/div>\n\t\t\t\t\t<\/div>\n\t\t<\/section>\n\t\t\t\t<\/div>\n\t\t","protected":false},"excerpt":{"rendered":"<p>Home Sayfa H\u00fcsn\u00fc Can D\u0130N\u00c7SOY Certified Public Accountant EDUCATION AND FOREIGN LANGUAGES Department of Business Studies, Faculty of Administration, Istanbul University English-German PROFESSIONAL EXPERIENCE Din\u00e7soy, who started his career as [&hellip;]<\/p>\n","protected":false},"author":1,"featured_media":0,"parent":0,"menu_order":0,"comment_status":"closed","ping_status":"closed","template":"","meta":{"_price":"","_stock":"","_tribe_ticket_header":"","_tribe_default_ticket_provider":"","_ticket_start_date":"","_ticket_end_date":"","_tribe_ticket_show_description":"","_tribe_ticket_show_not_going":false,"_tribe_ticket_use_global_stock":"","_tribe_ticket_global_stock_level":"","_global_stock_mode":"","_global_stock_cap":"","_tribe_rsvp_for_event":"","_tribe_ticket_going_count":"","_tribe_ticket_not_going_count":"","_tribe_tickets_list":"[]","_tribe_ticket_has_attendee_info_fields":false,"footnotes":"","_tec_slr_enabled":"","_tec_slr_layout":""},"categories":[],"tags":[],"class_list":["post-5065","page","type-page","status-publish","hentry"],"yoast_head":"<!-- This site is optimized with the Yoast SEO plugin v27.1.1 - https:\/\/yoast.com\/product\/yoast-seo-wordpress\/ -->\n<title>H\u00fcsn\u00fc Can D\u0130N\u00c7SOY - GNDO Legal | G\u00fcnd\u00fcz &amp; \u00d6zgen\u00e7 Avukatl\u0131k Ortakl\u0131\u011f\u0131<\/title>\n<meta name=\"robots\" content=\"index, follow, max-snippet:-1, max-image-preview:large, max-video-preview:-1\" \/>\n<link rel=\"canonical\" href=\"https:\/\/gndolegal.com\/en\/husnu-can-dincsoy\/\" \/>\n<meta property=\"og:locale\" content=\"en_US\" \/>\n<meta property=\"og:type\" content=\"article\" \/>\n<meta property=\"og:title\" content=\"H\u00fcsn\u00fc Can D\u0130N\u00c7SOY - GNDO Legal | G\u00fcnd\u00fcz &amp; \u00d6zgen\u00e7 Avukatl\u0131k Ortakl\u0131\u011f\u0131\" \/>\n<meta property=\"og:description\" content=\"Home Sayfa H\u00fcsn\u00fc Can D\u0130N\u00c7SOY Certified Public Accountant EDUCATION AND FOREIGN LANGUAGES Department of Business Studies, Faculty of Administration, Istanbul University English-German PROFESSIONAL EXPERIENCE Din\u00e7soy, who started his career as [&hellip;]\" \/>\n<meta property=\"og:url\" content=\"https:\/\/gndolegal.com\/en\/husnu-can-dincsoy\/\" \/>\n<meta property=\"og:site_name\" content=\"GNDO Legal | G\u00fcnd\u00fcz &amp; \u00d6zgen\u00e7 Avukatl\u0131k Ortakl\u0131\u011f\u0131\" \/>\n<meta property=\"article:modified_time\" content=\"2023-04-06T18:24:38+00:00\" \/>\n<meta name=\"twitter:card\" content=\"summary_large_image\" \/>\n<meta name=\"twitter:label1\" content=\"Est. reading time\" \/>\n\t<meta name=\"twitter:data1\" content=\"1 minute\" \/>\n<script type=\"application\/ld+json\" class=\"yoast-schema-graph\">{\"@context\":\"https:\/\/schema.org\",\"@graph\":[{\"@type\":\"WebPage\",\"@id\":\"https:\/\/gndolegal.com\/en\/husnu-can-dincsoy\/\",\"url\":\"https:\/\/gndolegal.com\/en\/husnu-can-dincsoy\/\",\"name\":\"H\u00fcsn\u00fc Can D\u0130N\u00c7SOY - GNDO Legal | G\u00fcnd\u00fcz &amp; \u00d6zgen\u00e7 Avukatl\u0131k Ortakl\u0131\u011f\u0131\",\"isPartOf\":{\"@id\":\"https:\/\/gndolegal.com\/#website\"},\"datePublished\":\"2023-04-06T17:56:28+00:00\",\"dateModified\":\"2023-04-06T18:24:38+00:00\",\"breadcrumb\":{\"@id\":\"https:\/\/gndolegal.com\/en\/husnu-can-dincsoy\/#breadcrumb\"},\"inLanguage\":\"en-US\",\"potentialAction\":[{\"@type\":\"ReadAction\",\"target\":[\"https:\/\/gndolegal.com\/en\/husnu-can-dincsoy\/\"]}]},{\"@type\":\"BreadcrumbList\",\"@id\":\"https:\/\/gndolegal.com\/en\/husnu-can-dincsoy\/#breadcrumb\",\"itemListElement\":[{\"@type\":\"ListItem\",\"position\":1,\"name\":\"Anasayfa\",\"item\":\"https:\/\/gndolegal.com\/en\/\"},{\"@type\":\"ListItem\",\"position\":2,\"name\":\"H\u00fcsn\u00fc Can D\u0130N\u00c7SOY\"}]},{\"@type\":\"WebSite\",\"@id\":\"https:\/\/gndolegal.com\/#website\",\"url\":\"https:\/\/gndolegal.com\/\",\"name\":\"GNDO Legal\",\"description\":\"Vergi Uyu\u015fmazl\u0131klar\u0131 \u00c7\u00f6z\u00fcm Merkezi\",\"publisher\":{\"@id\":\"https:\/\/gndolegal.com\/#organization\"},\"potentialAction\":[{\"@type\":\"SearchAction\",\"target\":{\"@type\":\"EntryPoint\",\"urlTemplate\":\"https:\/\/gndolegal.com\/?s={search_term_string}\"},\"query-input\":{\"@type\":\"PropertyValueSpecification\",\"valueRequired\":true,\"valueName\":\"search_term_string\"}}],\"inLanguage\":\"en-US\"},{\"@type\":\"Organization\",\"@id\":\"https:\/\/gndolegal.com\/#organization\",\"name\":\"GNDO Legal\",\"alternateName\":\"G\u00fcnd\u00fcz & \u00d6zgen\u00e7 Avukatl\u0131k Ortakl\u0131\u011f\u0131\",\"url\":\"https:\/\/gndolegal.com\/\",\"logo\":{\"@type\":\"ImageObject\",\"inLanguage\":\"en-US\",\"@id\":\"https:\/\/gndolegal.com\/#\/schema\/logo\/image\/\",\"url\":\"https:\/\/gndolegal.com\/wp-content\/uploads\/2022\/12\/logo_retina.jpg\",\"contentUrl\":\"https:\/\/gndolegal.com\/wp-content\/uploads\/2022\/12\/logo_retina.jpg\",\"width\":250,\"height\":68,\"caption\":\"GNDO Legal\"},\"image\":{\"@id\":\"https:\/\/gndolegal.com\/#\/schema\/logo\/image\/\"},\"sameAs\":[\"https:\/\/www.linkedin.com\/company\/gndolegal\/\"]}]}<\/script>\n<!-- \/ Yoast SEO plugin. -->","yoast_head_json":{"title":"H\u00fcsn\u00fc Can D\u0130N\u00c7SOY - GNDO Legal | G\u00fcnd\u00fcz &amp; \u00d6zgen\u00e7 Avukatl\u0131k Ortakl\u0131\u011f\u0131","robots":{"index":"index","follow":"follow","max-snippet":"max-snippet:-1","max-image-preview":"max-image-preview:large","max-video-preview":"max-video-preview:-1"},"canonical":"https:\/\/gndolegal.com\/en\/husnu-can-dincsoy\/","og_locale":"en_US","og_type":"article","og_title":"H\u00fcsn\u00fc Can D\u0130N\u00c7SOY - GNDO Legal | G\u00fcnd\u00fcz &amp; \u00d6zgen\u00e7 Avukatl\u0131k Ortakl\u0131\u011f\u0131","og_description":"Home Sayfa H\u00fcsn\u00fc Can D\u0130N\u00c7SOY Certified Public Accountant EDUCATION AND FOREIGN LANGUAGES Department of Business Studies, Faculty of Administration, Istanbul University English-German PROFESSIONAL EXPERIENCE Din\u00e7soy, who started his career as [&hellip;]","og_url":"https:\/\/gndolegal.com\/en\/husnu-can-dincsoy\/","og_site_name":"GNDO Legal | G\u00fcnd\u00fcz &amp; \u00d6zgen\u00e7 Avukatl\u0131k Ortakl\u0131\u011f\u0131","article_modified_time":"2023-04-06T18:24:38+00:00","twitter_card":"summary_large_image","twitter_misc":{"Est. reading time":"1 minute"},"schema":{"@context":"https:\/\/schema.org","@graph":[{"@type":"WebPage","@id":"https:\/\/gndolegal.com\/en\/husnu-can-dincsoy\/","url":"https:\/\/gndolegal.com\/en\/husnu-can-dincsoy\/","name":"H\u00fcsn\u00fc Can D\u0130N\u00c7SOY - GNDO Legal | G\u00fcnd\u00fcz &amp; \u00d6zgen\u00e7 Avukatl\u0131k Ortakl\u0131\u011f\u0131","isPartOf":{"@id":"https:\/\/gndolegal.com\/#website"},"datePublished":"2023-04-06T17:56:28+00:00","dateModified":"2023-04-06T18:24:38+00:00","breadcrumb":{"@id":"https:\/\/gndolegal.com\/en\/husnu-can-dincsoy\/#breadcrumb"},"inLanguage":"en-US","potentialAction":[{"@type":"ReadAction","target":["https:\/\/gndolegal.com\/en\/husnu-can-dincsoy\/"]}]},{"@type":"BreadcrumbList","@id":"https:\/\/gndolegal.com\/en\/husnu-can-dincsoy\/#breadcrumb","itemListElement":[{"@type":"ListItem","position":1,"name":"Anasayfa","item":"https:\/\/gndolegal.com\/en\/"},{"@type":"ListItem","position":2,"name":"H\u00fcsn\u00fc Can D\u0130N\u00c7SOY"}]},{"@type":"WebSite","@id":"https:\/\/gndolegal.com\/#website","url":"https:\/\/gndolegal.com\/","name":"GNDO Legal","description":"Vergi Uyu\u015fmazl\u0131klar\u0131 \u00c7\u00f6z\u00fcm Merkezi","publisher":{"@id":"https:\/\/gndolegal.com\/#organization"},"potentialAction":[{"@type":"SearchAction","target":{"@type":"EntryPoint","urlTemplate":"https:\/\/gndolegal.com\/?s={search_term_string}"},"query-input":{"@type":"PropertyValueSpecification","valueRequired":true,"valueName":"search_term_string"}}],"inLanguage":"en-US"},{"@type":"Organization","@id":"https:\/\/gndolegal.com\/#organization","name":"GNDO Legal","alternateName":"G\u00fcnd\u00fcz & \u00d6zgen\u00e7 Avukatl\u0131k Ortakl\u0131\u011f\u0131","url":"https:\/\/gndolegal.com\/","logo":{"@type":"ImageObject","inLanguage":"en-US","@id":"https:\/\/gndolegal.com\/#\/schema\/logo\/image\/","url":"https:\/\/gndolegal.com\/wp-content\/uploads\/2022\/12\/logo_retina.jpg","contentUrl":"https:\/\/gndolegal.com\/wp-content\/uploads\/2022\/12\/logo_retina.jpg","width":250,"height":68,"caption":"GNDO Legal"},"image":{"@id":"https:\/\/gndolegal.com\/#\/schema\/logo\/image\/"},"sameAs":["https:\/\/www.linkedin.com\/company\/gndolegal\/"]}]}},"ticketed":false,"_links":{"self":[{"href":"https:\/\/gndolegal.com\/en\/wp-json\/wp\/v2\/pages\/5065","targetHints":{"allow":["GET"]}}],"collection":[{"href":"https:\/\/gndolegal.com\/en\/wp-json\/wp\/v2\/pages"}],"about":[{"href":"https:\/\/gndolegal.com\/en\/wp-json\/wp\/v2\/types\/page"}],"author":[{"embeddable":true,"href":"https:\/\/gndolegal.com\/en\/wp-json\/wp\/v2\/users\/1"}],"replies":[{"embeddable":true,"href":"https:\/\/gndolegal.com\/en\/wp-json\/wp\/v2\/comments?post=5065"}],"version-history":[{"count":8,"href":"https:\/\/gndolegal.com\/en\/wp-json\/wp\/v2\/pages\/5065\/revisions"}],"predecessor-version":[{"id":5118,"href":"https:\/\/gndolegal.com\/en\/wp-json\/wp\/v2\/pages\/5065\/revisions\/5118"}],"wp:attachment":[{"href":"https:\/\/gndolegal.com\/en\/wp-json\/wp\/v2\/media?parent=5065"}],"wp:term":[{"taxonomy":"category","embeddable":true,"href":"https:\/\/gndolegal.com\/en\/wp-json\/wp\/v2\/categories?post=5065"},{"taxonomy":"post_tag","embeddable":true,"href":"https:\/\/gndolegal.com\/en\/wp-json\/wp\/v2\/tags?post=5065"}],"curies":[{"name":"wp","href":"https:\/\/api.w.org\/{rel}","templated":true}]}}