{"id":5719,"date":"2023-07-18T02:28:24","date_gmt":"2023-07-17T23:28:24","guid":{"rendered":"https:\/\/gndolegal.com\/7456-sayili-kanun-kapsaminda-vergisel-duzenlemeler\/"},"modified":"2023-07-19T17:13:59","modified_gmt":"2023-07-19T14:13:59","slug":"significant-tax-law-amendments-entered-into-force-under-law-no-7456","status":"publish","type":"page","link":"https:\/\/gndolegal.com\/en\/significant-tax-law-amendments-entered-into-force-under-law-no-7456\/","title":{"rendered":"Significant Tax Law  Amendments Entered into Force under Law no 7456"},"content":{"rendered":"\t\t<div data-elementor-type=\"wp-page\" data-elementor-id=\"5719\" class=\"elementor elementor-5719 elementor-5701\">\n\t\t\t\t\t\t<section class=\"elementor-section elementor-top-section elementor-element elementor-element-1754932f elementor-section-boxed elementor-section-height-default elementor-section-height-default\" data-id=\"1754932f\" data-element_type=\"section\" data-e-type=\"section\" data-settings=\"{&quot;background_background&quot;:&quot;classic&quot;}\">\n\t\t\t\t\t\t<div class=\"elementor-container elementor-column-gap-no\">\n\t\t\t\t\t<div class=\"elementor-column elementor-col-100 elementor-top-column elementor-element elementor-element-484e4b61\" data-id=\"484e4b61\" data-element_type=\"column\" data-e-type=\"column\">\n\t\t\t<div class=\"elementor-widget-wrap elementor-element-populated\">\n\t\t\t\t\t\t<section class=\"elementor-section elementor-inner-section elementor-element elementor-element-2d54f052 elementor-section-boxed elementor-section-height-default elementor-section-height-default\" data-id=\"2d54f052\" data-element_type=\"section\" data-e-type=\"section\">\n\t\t\t\t\t\t<div class=\"elementor-container elementor-column-gap-no\">\n\t\t\t\t\t<div class=\"elementor-column elementor-col-100 elementor-inner-column elementor-element elementor-element-137fbdc7\" data-id=\"137fbdc7\" data-element_type=\"column\" data-e-type=\"column\">\n\t\t\t<div class=\"elementor-widget-wrap elementor-element-populated\">\n\t\t\t\t\t\t<div class=\"elementor-element elementor-element-7796f7e0 animated-fast elementor-invisible elementor-widget elementor-widget-gva-heading-block\" data-id=\"7796f7e0\" data-element_type=\"widget\" data-e-type=\"widget\" data-settings=\"{&quot;_animation&quot;:&quot;fadeIn&quot;}\" data-widget_type=\"gva-heading-block.default\">\n\t\t\t\t<div class=\"elementor-widget-container\">\n\t\t\t\t\t<div class=\"gva-element-gva-heading-block gva-element\">   <div class=\"align-center style-1 widget gsc-heading box-align-center auto-responsive\">\r\n      <div class=\"content-inner\">\r\n         \r\n         \r\n           \r\n         \r\n                     <h2 class=\"title\">\r\n               <span>Significant Tax Law  Amendments Entered into Force under Law no 7456 <\/span>\r\n            <\/h2>\r\n                  \r\n         \r\n      <\/div>\r\n   <\/div>\r\n<\/div>\t\t\t\t<\/div>\n\t\t\t\t<\/div>\n\t\t\t\t<div class=\"elementor-element elementor-element-a9ef1a8 animated-fast elementor-invisible elementor-widget elementor-widget-gva-heading-block\" data-id=\"a9ef1a8\" data-element_type=\"widget\" data-e-type=\"widget\" data-settings=\"{&quot;_animation&quot;:&quot;fadeIn&quot;}\" data-widget_type=\"gva-heading-block.default\">\n\t\t\t\t<div class=\"elementor-widget-container\">\n\t\t\t\t\t<div class=\"gva-element-gva-heading-block gva-element\">   <div class=\"align-center style-1 widget gsc-heading box-align-center \">\r\n      <div class=\"content-inner\">\r\n         \r\n         \r\n           \r\n         \r\n                     <h2 class=\"title\">\r\n               <span>15 JULY 2023<\/span>\r\n            <\/h2>\r\n                  \r\n         \r\n      <\/div>\r\n   <\/div>\r\n<\/div>\t\t\t\t<\/div>\n\t\t\t\t<\/div>\n\t\t\t\t\t<\/div>\n\t\t<\/div>\n\t\t\t\t\t<\/div>\n\t\t<\/section>\n\t\t\t\t\t<\/div>\n\t\t<\/div>\n\t\t\t\t\t<\/div>\n\t\t<\/section>\n\t\t\t\t<section class=\"elementor-section elementor-top-section elementor-element elementor-element-6c5beb0 elementor-section-boxed elementor-section-height-default elementor-section-height-default\" data-id=\"6c5beb0\" data-element_type=\"section\" data-e-type=\"section\">\n\t\t\t\t\t\t<div class=\"elementor-container elementor-column-gap-default\">\n\t\t\t\t\t<div class=\"elementor-column elementor-col-100 elementor-top-column elementor-element elementor-element-5a82530\" data-id=\"5a82530\" data-element_type=\"column\" data-e-type=\"column\">\n\t\t\t<div class=\"elementor-widget-wrap elementor-element-populated\">\n\t\t\t\t\t\t<div class=\"elementor-element elementor-element-66115c3 elementor-widget elementor-widget-heading\" data-id=\"66115c3\" data-element_type=\"widget\" data-e-type=\"widget\" data-widget_type=\"heading.default\">\n\t\t\t\t<div class=\"elementor-widget-container\">\n\t\t\t\t\t<h2 class=\"elementor-heading-title elementor-size-default\">Significant Tax Law  Amendments Entered into Force under Law no 7456<\/h2>\t\t\t\t<\/div>\n\t\t\t\t<\/div>\n\t\t\t\t<section class=\"elementor-section elementor-inner-section elementor-element elementor-element-fc3d8f8 elementor-section-boxed elementor-section-height-default elementor-section-height-default\" data-id=\"fc3d8f8\" data-element_type=\"section\" data-e-type=\"section\">\n\t\t\t\t\t\t<div class=\"elementor-container elementor-column-gap-default\">\n\t\t\t\t\t<div class=\"elementor-column elementor-col-100 elementor-inner-column elementor-element elementor-element-ec3ee70\" data-id=\"ec3ee70\" data-element_type=\"column\" data-e-type=\"column\">\n\t\t\t<div class=\"elementor-widget-wrap elementor-element-populated\">\n\t\t\t\t\t\t<div class=\"elementor-element elementor-element-d3de41f elementor-widget elementor-widget-text-editor\" data-id=\"d3de41f\" data-element_type=\"widget\" data-e-type=\"widget\" data-widget_type=\"text-editor.default\">\n\t\t\t\t<div class=\"elementor-widget-container\">\n\t\t\t\t\t\t\t\t\t<p><b><i>Summary<\/i><\/b><em><strong>:<\/strong>\u00a0<\/em><i>With Law no. 7456 published on the Official Gazette dated 15\/7\/2023, significant amendments were made to Corporate Tax, Value Added Tax and Special Consumption Tax laws. The Law entered into force as of July 15th\u00a0 2023.\u00a0<\/i><\/p>\t\t\t\t\t\t\t\t<\/div>\n\t\t\t\t<\/div>\n\t\t\t\t\t<\/div>\n\t\t<\/div>\n\t\t\t\t\t<\/div>\n\t\t<\/section>\n\t\t\t\t<div class=\"elementor-element elementor-element-537b648 elementor-widget-divider--view-line elementor-widget elementor-widget-divider\" data-id=\"537b648\" data-element_type=\"widget\" data-e-type=\"widget\" data-widget_type=\"divider.default\">\n\t\t\t\t<div class=\"elementor-widget-container\">\n\t\t\t\t\t\t\t<div class=\"elementor-divider\">\n\t\t\t<span class=\"elementor-divider-separator\">\n\t\t\t\t\t\t<\/span>\n\t\t<\/div>\n\t\t\t\t\t\t<\/div>\n\t\t\t\t<\/div>\n\t\t\t\t<div class=\"elementor-element elementor-element-0704d14 elementor-widget elementor-widget-text-editor\" data-id=\"0704d14\" data-element_type=\"widget\" data-e-type=\"widget\" data-widget_type=\"text-editor.default\">\n\t\t\t\t<div class=\"elementor-widget-container\">\n\t\t\t\t\t\t\t\t\t<p><b>Scope:\u00a0<\/b><\/p><p>Significant amendments were made in tax arrangements with the Law on Imposition of Additional Motor Vehicles Tax for the Compensation of Economic Losses due to Earthquakes on 6\/2\/2023 and Amendment of Some Laws and Statutory Decree no. 375. The amendments under the law can be summarized as follows:\u00a0<\/p><ul><li>Additional motor vehicles tax was imposed,<\/li><li>Corporate tax rate was increased (5 points),<\/li><li>Corporate tax and value added tax exemption applied for earnings from immovable property sales was removed,<\/li><li>Partial division of immovable properties was removed,\u00a0<\/li><li>Corporate tax exemption applied for income from other investment funds and partnerships was removed,\u00a0<\/li><li>Deduction rate applied for earnings from exports was increased to 5 points (previous rate was 1%),<\/li><li>The Prime Minister\u2019s authorities for determining the Special Consumption Tax were rearranged.<\/li><\/ul><p><b>Imposition of Additional Motor Vehicles Tax<\/b><\/p><p>For use in meeting the financial need that has arisen to reduce the impacts of the earthquakes in Kahramanmara\u015f province on 6\/2\/2023, a one-time additional motor vehicles tax equal to the motor vehicles tax assessed in 2023 was imposed, applicable for vehicles included in tariffs (I), (I\/A), (II) and (IV) in Articles 6 and 7 and Provisional Article 8 of Motor Vehicles Tax Law no. 197 and already registered on the date this Law is published, and for vehicles to be registered for the first time until 31\/12\/2023.\u00a0<\/p><p>\u00a0<\/p><p><b>Amendments in Corporate Tax Law<\/b><\/p><ul><li>With the amendments in Article 32 titled \u201cCorporate Tax and Advance Tax Rate\u201d of the Law;<\/li><\/ul><p>a-General corporate tax rate was increased by 5 points from 20% to 25%,\u00a0<\/p><p>b-The rate applied on the corporate earnings of banks, companies under Law no. 6361, electronic payment and money institutions, authorized exchange offices, asset management companies, capital market institutions, insurance and reinsurance companies, and pension companies was increased from 25% to 30%.\u00a0<\/p><p>c- Corporate tax rate applied for exporter companies\u2019 earnings obtained exclusively from exports will be deducted by 5 points. The previous rate was 1%.\u00a0<\/p><ul><li>With the amendment in Article 19 titled \u201cTransfer, Division and Change of Shares\u201d of the Law;\u00a0\u00a0<\/li><\/ul><p>Immovable properties were excluded from the scope of partial division. The amendment will enter into force on 01.01.2024.<\/p><div>\u00a0<\/div><ul><li>With the amendment in Article 5 titled \u201cExemptions\u201d of the Law with Provisional Article 16;<\/li><\/ul><p>Exemptions applied for earnings from the sales of immovable properties that companies acquire as of 15.07.2023 was removed. Exemption applied for the sales of immovable properties acquired previously and kept in the assets for at least two years was limited to 25% of the earnings.<\/p><ul><li>With the amendment in Article 5 titled \u201cExemptions\u201d of the Law;<\/li><\/ul><p>Corporate tax exemption applied for \u201cIncome from Other Investment Funds and Partnerships\u201d was removed.<\/p><p>Excluding the exemption applied for incomes from venture capital investment fund participation shares and venture capital investment partnership stocks, corporate tax exemption applied for incomes from other investment funds was removed. Such change will be applicable for investment fund participation shares acquired as of 15.07.2023.<\/p><p><strong>Amendments in Value Added Tax Law <\/strong><\/p><p>With the amendment in Article 17 titled \u201cExemptions for Social and Military Purposes and Other Exemptions\u201d of the Law;<\/p><ul><li>Value added tax exemption applied for the sales of immovable properties that companies acquire as of 15.07.2023 was removed.<\/li><\/ul><p><strong>Amendments in Special Consumption Tax Law <\/strong><\/p><p>With the amendment in Article 12 titled \u201cRate or Amount\u201d of the Law;<\/p><ul><li>\u00a7\u00a0 The president of the republic\u2019s authorities for determining the Special Consumption Tax amounts of goods in the lists (I) and (III) attached to the Special Consumption Tax Law were rearranged. Accordingly, the authority of \u201cincreasing the fixed tax rates applied for the goods in the list (I) up to half of the highest tax amount for each of the goods\u201d was changed as \u201cincreasing &#8230;. up to five times\u201d. Moreover, the fixed tax rates included in the list (I) or the latest relevant fixed tax rates determined by The President of The Republic are deemed to be redetermined at the rate of change in the last six months in the domestic producer price index, which is announced by the Turkish Statistical Institute in January and June, to be effective from the date such change is announced.<\/li><\/ul><div>\u00a0<\/div><div>Should you have any questions regarding law enforcement, please do not hesitate to contact us.<\/div><div>\u00a0<\/div><div>Regards<\/div>\t\t\t\t\t\t\t\t<\/div>\n\t\t\t\t<\/div>\n\t\t\t\t<div class=\"elementor-element elementor-element-dbcde32 elementor-widget elementor-widget-image\" data-id=\"dbcde32\" data-element_type=\"widget\" data-e-type=\"widget\" data-widget_type=\"image.default\">\n\t\t\t\t<div class=\"elementor-widget-container\">\n\t\t\t\t\t\t\t\t\t\t\t\t\t\t\t<img decoding=\"async\" width=\"400\" height=\"97\" src=\"https:\/\/gndolegal.com\/wp-content\/uploads\/2023\/07\/ds-jpg.webp\" class=\"attachment-full size-full wp-image-5729\" alt=\"\" \/>\t\t\t\t\t\t\t\t\t\t\t\t\t\t\t<\/div>\n\t\t\t\t<\/div>\n\t\t\t\t\t<\/div>\n\t\t<\/div>\n\t\t\t\t\t<\/div>\n\t\t<\/section>\n\t\t\t\t<\/div>\n\t\t","protected":false},"excerpt":{"rendered":"<p>Significant Tax Law Amendments Entered into Force under Law no 7456 15 JULY 2023 Significant Tax Law Amendments Entered into Force under Law no 7456 Summary:\u00a0With Law no. 7456 published [&hellip;]<\/p>\n","protected":false},"author":1,"featured_media":0,"parent":0,"menu_order":0,"comment_status":"closed","ping_status":"closed","template":"","meta":{"_price":"","_stock":"","_tribe_ticket_header":"","_tribe_default_ticket_provider":"","_ticket_start_date":"","_ticket_end_date":"","_tribe_ticket_show_description":"","_tribe_ticket_show_not_going":false,"_tribe_ticket_use_global_stock":"","_tribe_ticket_global_stock_level":"","_global_stock_mode":"","_global_stock_cap":"","_tribe_rsvp_for_event":"","_tribe_ticket_going_count":"","_tribe_ticket_not_going_count":"","_tribe_tickets_list":"[]","_tribe_ticket_has_attendee_info_fields":false,"footnotes":"","_tec_slr_enabled":"","_tec_slr_layout":""},"categories":[],"tags":[],"class_list":["post-5719","page","type-page","status-publish","hentry"],"yoast_head":"<!-- This site is optimized with the Yoast SEO plugin v27.1.1 - https:\/\/yoast.com\/product\/yoast-seo-wordpress\/ -->\n<title>Significant Tax Law Amendments Entered into Force under Law no 7456 - GNDO Legal | G\u00fcnd\u00fcz &amp; \u00d6zgen\u00e7 Avukatl\u0131k Ortakl\u0131\u011f\u0131<\/title>\n<meta name=\"robots\" content=\"index, follow, max-snippet:-1, max-image-preview:large, max-video-preview:-1\" \/>\n<link rel=\"canonical\" href=\"https:\/\/gndolegal.com\/takdir-komisyonu-kararlarina-karsi-acilan-davalarda-bolge-idare-mahkemeleri-arasindaki-aykiriliklarin-giderilmesi-hakkinda-danistay-karari\/\" \/>\n<meta property=\"og:locale\" content=\"en_US\" \/>\n<meta property=\"og:type\" content=\"article\" \/>\n<meta property=\"og:title\" content=\"Significant Tax Law Amendments Entered into Force under Law no 7456 - GNDO Legal | G\u00fcnd\u00fcz &amp; \u00d6zgen\u00e7 Avukatl\u0131k Ortakl\u0131\u011f\u0131\" \/>\n<meta property=\"og:description\" content=\"Significant Tax Law Amendments Entered into Force under Law no 7456 15 JULY 2023 Significant Tax Law Amendments Entered into Force under Law no 7456 Summary:\u00a0With Law no. 7456 published [&hellip;]\" \/>\n<meta property=\"og:url\" content=\"https:\/\/gndolegal.com\/takdir-komisyonu-kararlarina-karsi-acilan-davalarda-bolge-idare-mahkemeleri-arasindaki-aykiriliklarin-giderilmesi-hakkinda-danistay-karari\/\" \/>\n<meta property=\"og:site_name\" content=\"GNDO Legal | G\u00fcnd\u00fcz &amp; \u00d6zgen\u00e7 Avukatl\u0131k Ortakl\u0131\u011f\u0131\" \/>\n<meta property=\"article:modified_time\" content=\"2023-07-19T14:13:59+00:00\" \/>\n<meta property=\"og:image\" content=\"https:\/\/gndolegal.com\/wp-content\/uploads\/2023\/07\/ds-jpg.webp\" \/>\n<meta name=\"twitter:card\" content=\"summary_large_image\" \/>\n<meta name=\"twitter:label1\" content=\"Est. reading time\" \/>\n\t<meta name=\"twitter:data1\" content=\"4 minutes\" \/>\n<script type=\"application\/ld+json\" class=\"yoast-schema-graph\">{\"@context\":\"https:\/\/schema.org\",\"@graph\":[{\"@type\":\"WebPage\",\"@id\":\"https:\/\/gndolegal.com\/takdir-komisyonu-kararlarina-karsi-acilan-davalarda-bolge-idare-mahkemeleri-arasindaki-aykiriliklarin-giderilmesi-hakkinda-danistay-karari\/\",\"url\":\"https:\/\/gndolegal.com\/takdir-komisyonu-kararlarina-karsi-acilan-davalarda-bolge-idare-mahkemeleri-arasindaki-aykiriliklarin-giderilmesi-hakkinda-danistay-karari\/\",\"name\":\"Significant Tax Law Amendments Entered into Force under Law no 7456 - GNDO Legal | G\u00fcnd\u00fcz &amp; \u00d6zgen\u00e7 Avukatl\u0131k Ortakl\u0131\u011f\u0131\",\"isPartOf\":{\"@id\":\"https:\/\/gndolegal.com\/#website\"},\"primaryImageOfPage\":{\"@id\":\"https:\/\/gndolegal.com\/takdir-komisyonu-kararlarina-karsi-acilan-davalarda-bolge-idare-mahkemeleri-arasindaki-aykiriliklarin-giderilmesi-hakkinda-danistay-karari\/#primaryimage\"},\"image\":{\"@id\":\"https:\/\/gndolegal.com\/takdir-komisyonu-kararlarina-karsi-acilan-davalarda-bolge-idare-mahkemeleri-arasindaki-aykiriliklarin-giderilmesi-hakkinda-danistay-karari\/#primaryimage\"},\"thumbnailUrl\":\"https:\/\/gndolegal.com\/wp-content\/uploads\/2023\/07\/ds-jpg.webp\",\"datePublished\":\"2023-07-17T23:28:24+00:00\",\"dateModified\":\"2023-07-19T14:13:59+00:00\",\"breadcrumb\":{\"@id\":\"https:\/\/gndolegal.com\/takdir-komisyonu-kararlarina-karsi-acilan-davalarda-bolge-idare-mahkemeleri-arasindaki-aykiriliklarin-giderilmesi-hakkinda-danistay-karari\/#breadcrumb\"},\"inLanguage\":\"en-US\",\"potentialAction\":[{\"@type\":\"ReadAction\",\"target\":[\"https:\/\/gndolegal.com\/takdir-komisyonu-kararlarina-karsi-acilan-davalarda-bolge-idare-mahkemeleri-arasindaki-aykiriliklarin-giderilmesi-hakkinda-danistay-karari\/\"]}]},{\"@type\":\"ImageObject\",\"inLanguage\":\"en-US\",\"@id\":\"https:\/\/gndolegal.com\/takdir-komisyonu-kararlarina-karsi-acilan-davalarda-bolge-idare-mahkemeleri-arasindaki-aykiriliklarin-giderilmesi-hakkinda-danistay-karari\/#primaryimage\",\"url\":\"https:\/\/gndolegal.com\/wp-content\/uploads\/2023\/07\/ds-jpg.webp\",\"contentUrl\":\"https:\/\/gndolegal.com\/wp-content\/uploads\/2023\/07\/ds-jpg.webp\"},{\"@type\":\"BreadcrumbList\",\"@id\":\"https:\/\/gndolegal.com\/takdir-komisyonu-kararlarina-karsi-acilan-davalarda-bolge-idare-mahkemeleri-arasindaki-aykiriliklarin-giderilmesi-hakkinda-danistay-karari\/#breadcrumb\",\"itemListElement\":[{\"@type\":\"ListItem\",\"position\":1,\"name\":\"Anasayfa\",\"item\":\"https:\/\/gndolegal.com\/en\/\"},{\"@type\":\"ListItem\",\"position\":2,\"name\":\"Significant Tax Law Amendments Entered into Force under Law no 7456\"}]},{\"@type\":\"WebSite\",\"@id\":\"https:\/\/gndolegal.com\/#website\",\"url\":\"https:\/\/gndolegal.com\/\",\"name\":\"GNDO Legal\",\"description\":\"Vergi Uyu\u015fmazl\u0131klar\u0131 \u00c7\u00f6z\u00fcm Merkezi\",\"publisher\":{\"@id\":\"https:\/\/gndolegal.com\/#organization\"},\"potentialAction\":[{\"@type\":\"SearchAction\",\"target\":{\"@type\":\"EntryPoint\",\"urlTemplate\":\"https:\/\/gndolegal.com\/?s={search_term_string}\"},\"query-input\":{\"@type\":\"PropertyValueSpecification\",\"valueRequired\":true,\"valueName\":\"search_term_string\"}}],\"inLanguage\":\"en-US\"},{\"@type\":\"Organization\",\"@id\":\"https:\/\/gndolegal.com\/#organization\",\"name\":\"GNDO Legal\",\"alternateName\":\"G\u00fcnd\u00fcz & \u00d6zgen\u00e7 Avukatl\u0131k Ortakl\u0131\u011f\u0131\",\"url\":\"https:\/\/gndolegal.com\/\",\"logo\":{\"@type\":\"ImageObject\",\"inLanguage\":\"en-US\",\"@id\":\"https:\/\/gndolegal.com\/#\/schema\/logo\/image\/\",\"url\":\"https:\/\/gndolegal.com\/wp-content\/uploads\/2022\/12\/logo_retina.jpg\",\"contentUrl\":\"https:\/\/gndolegal.com\/wp-content\/uploads\/2022\/12\/logo_retina.jpg\",\"width\":250,\"height\":68,\"caption\":\"GNDO Legal\"},\"image\":{\"@id\":\"https:\/\/gndolegal.com\/#\/schema\/logo\/image\/\"},\"sameAs\":[\"https:\/\/www.linkedin.com\/company\/gndolegal\/\"]}]}<\/script>\n<!-- \/ Yoast SEO plugin. -->","yoast_head_json":{"title":"Significant Tax Law Amendments Entered into Force under Law no 7456 - GNDO Legal | G\u00fcnd\u00fcz &amp; \u00d6zgen\u00e7 Avukatl\u0131k Ortakl\u0131\u011f\u0131","robots":{"index":"index","follow":"follow","max-snippet":"max-snippet:-1","max-image-preview":"max-image-preview:large","max-video-preview":"max-video-preview:-1"},"canonical":"https:\/\/gndolegal.com\/takdir-komisyonu-kararlarina-karsi-acilan-davalarda-bolge-idare-mahkemeleri-arasindaki-aykiriliklarin-giderilmesi-hakkinda-danistay-karari\/","og_locale":"en_US","og_type":"article","og_title":"Significant Tax Law Amendments Entered into Force under Law no 7456 - GNDO Legal | G\u00fcnd\u00fcz &amp; \u00d6zgen\u00e7 Avukatl\u0131k Ortakl\u0131\u011f\u0131","og_description":"Significant Tax Law Amendments Entered into Force under Law no 7456 15 JULY 2023 Significant Tax Law Amendments Entered into Force under Law no 7456 Summary:\u00a0With Law no. 7456 published [&hellip;]","og_url":"https:\/\/gndolegal.com\/takdir-komisyonu-kararlarina-karsi-acilan-davalarda-bolge-idare-mahkemeleri-arasindaki-aykiriliklarin-giderilmesi-hakkinda-danistay-karari\/","og_site_name":"GNDO Legal | G\u00fcnd\u00fcz &amp; \u00d6zgen\u00e7 Avukatl\u0131k Ortakl\u0131\u011f\u0131","article_modified_time":"2023-07-19T14:13:59+00:00","og_image":[{"url":"https:\/\/gndolegal.com\/wp-content\/uploads\/2023\/07\/ds-jpg.webp","type":"","width":"","height":""}],"twitter_card":"summary_large_image","twitter_misc":{"Est. reading time":"4 minutes"},"schema":{"@context":"https:\/\/schema.org","@graph":[{"@type":"WebPage","@id":"https:\/\/gndolegal.com\/takdir-komisyonu-kararlarina-karsi-acilan-davalarda-bolge-idare-mahkemeleri-arasindaki-aykiriliklarin-giderilmesi-hakkinda-danistay-karari\/","url":"https:\/\/gndolegal.com\/takdir-komisyonu-kararlarina-karsi-acilan-davalarda-bolge-idare-mahkemeleri-arasindaki-aykiriliklarin-giderilmesi-hakkinda-danistay-karari\/","name":"Significant Tax Law Amendments Entered into Force under Law no 7456 - GNDO Legal | G\u00fcnd\u00fcz &amp; \u00d6zgen\u00e7 Avukatl\u0131k Ortakl\u0131\u011f\u0131","isPartOf":{"@id":"https:\/\/gndolegal.com\/#website"},"primaryImageOfPage":{"@id":"https:\/\/gndolegal.com\/takdir-komisyonu-kararlarina-karsi-acilan-davalarda-bolge-idare-mahkemeleri-arasindaki-aykiriliklarin-giderilmesi-hakkinda-danistay-karari\/#primaryimage"},"image":{"@id":"https:\/\/gndolegal.com\/takdir-komisyonu-kararlarina-karsi-acilan-davalarda-bolge-idare-mahkemeleri-arasindaki-aykiriliklarin-giderilmesi-hakkinda-danistay-karari\/#primaryimage"},"thumbnailUrl":"https:\/\/gndolegal.com\/wp-content\/uploads\/2023\/07\/ds-jpg.webp","datePublished":"2023-07-17T23:28:24+00:00","dateModified":"2023-07-19T14:13:59+00:00","breadcrumb":{"@id":"https:\/\/gndolegal.com\/takdir-komisyonu-kararlarina-karsi-acilan-davalarda-bolge-idare-mahkemeleri-arasindaki-aykiriliklarin-giderilmesi-hakkinda-danistay-karari\/#breadcrumb"},"inLanguage":"en-US","potentialAction":[{"@type":"ReadAction","target":["https:\/\/gndolegal.com\/takdir-komisyonu-kararlarina-karsi-acilan-davalarda-bolge-idare-mahkemeleri-arasindaki-aykiriliklarin-giderilmesi-hakkinda-danistay-karari\/"]}]},{"@type":"ImageObject","inLanguage":"en-US","@id":"https:\/\/gndolegal.com\/takdir-komisyonu-kararlarina-karsi-acilan-davalarda-bolge-idare-mahkemeleri-arasindaki-aykiriliklarin-giderilmesi-hakkinda-danistay-karari\/#primaryimage","url":"https:\/\/gndolegal.com\/wp-content\/uploads\/2023\/07\/ds-jpg.webp","contentUrl":"https:\/\/gndolegal.com\/wp-content\/uploads\/2023\/07\/ds-jpg.webp"},{"@type":"BreadcrumbList","@id":"https:\/\/gndolegal.com\/takdir-komisyonu-kararlarina-karsi-acilan-davalarda-bolge-idare-mahkemeleri-arasindaki-aykiriliklarin-giderilmesi-hakkinda-danistay-karari\/#breadcrumb","itemListElement":[{"@type":"ListItem","position":1,"name":"Anasayfa","item":"https:\/\/gndolegal.com\/en\/"},{"@type":"ListItem","position":2,"name":"Significant Tax Law Amendments Entered into Force under Law no 7456"}]},{"@type":"WebSite","@id":"https:\/\/gndolegal.com\/#website","url":"https:\/\/gndolegal.com\/","name":"GNDO Legal","description":"Vergi Uyu\u015fmazl\u0131klar\u0131 \u00c7\u00f6z\u00fcm Merkezi","publisher":{"@id":"https:\/\/gndolegal.com\/#organization"},"potentialAction":[{"@type":"SearchAction","target":{"@type":"EntryPoint","urlTemplate":"https:\/\/gndolegal.com\/?s={search_term_string}"},"query-input":{"@type":"PropertyValueSpecification","valueRequired":true,"valueName":"search_term_string"}}],"inLanguage":"en-US"},{"@type":"Organization","@id":"https:\/\/gndolegal.com\/#organization","name":"GNDO Legal","alternateName":"G\u00fcnd\u00fcz & \u00d6zgen\u00e7 Avukatl\u0131k Ortakl\u0131\u011f\u0131","url":"https:\/\/gndolegal.com\/","logo":{"@type":"ImageObject","inLanguage":"en-US","@id":"https:\/\/gndolegal.com\/#\/schema\/logo\/image\/","url":"https:\/\/gndolegal.com\/wp-content\/uploads\/2022\/12\/logo_retina.jpg","contentUrl":"https:\/\/gndolegal.com\/wp-content\/uploads\/2022\/12\/logo_retina.jpg","width":250,"height":68,"caption":"GNDO Legal"},"image":{"@id":"https:\/\/gndolegal.com\/#\/schema\/logo\/image\/"},"sameAs":["https:\/\/www.linkedin.com\/company\/gndolegal\/"]}]}},"ticketed":false,"_links":{"self":[{"href":"https:\/\/gndolegal.com\/en\/wp-json\/wp\/v2\/pages\/5719","targetHints":{"allow":["GET"]}}],"collection":[{"href":"https:\/\/gndolegal.com\/en\/wp-json\/wp\/v2\/pages"}],"about":[{"href":"https:\/\/gndolegal.com\/en\/wp-json\/wp\/v2\/types\/page"}],"author":[{"embeddable":true,"href":"https:\/\/gndolegal.com\/en\/wp-json\/wp\/v2\/users\/1"}],"replies":[{"embeddable":true,"href":"https:\/\/gndolegal.com\/en\/wp-json\/wp\/v2\/comments?post=5719"}],"version-history":[{"count":16,"href":"https:\/\/gndolegal.com\/en\/wp-json\/wp\/v2\/pages\/5719\/revisions"}],"predecessor-version":[{"id":5752,"href":"https:\/\/gndolegal.com\/en\/wp-json\/wp\/v2\/pages\/5719\/revisions\/5752"}],"wp:attachment":[{"href":"https:\/\/gndolegal.com\/en\/wp-json\/wp\/v2\/media?parent=5719"}],"wp:term":[{"taxonomy":"category","embeddable":true,"href":"https:\/\/gndolegal.com\/en\/wp-json\/wp\/v2\/categories?post=5719"},{"taxonomy":"post_tag","embeddable":true,"href":"https:\/\/gndolegal.com\/en\/wp-json\/wp\/v2\/tags?post=5719"}],"curies":[{"name":"wp","href":"https:\/\/api.w.org\/{rel}","templated":true}]}}