{"id":5765,"date":"2023-07-20T10:56:57","date_gmt":"2023-07-20T07:56:57","guid":{"rendered":"https:\/\/gndolegal.com\/adli-tatil-ve-yargilama-surelerine-etkisi\/"},"modified":"2023-07-21T11:27:33","modified_gmt":"2023-07-21T08:27:33","slug":"judicial-recess-and-its-effects-on-trial-periods","status":"publish","type":"page","link":"https:\/\/gndolegal.com\/en\/judicial-recess-and-its-effects-on-trial-periods\/","title":{"rendered":"Judicial Recess and Its Effects on Trial Periods"},"content":{"rendered":"\t\t<div data-elementor-type=\"wp-page\" data-elementor-id=\"5765\" class=\"elementor elementor-5765 elementor-5756\">\n\t\t\t\t\t\t<section class=\"elementor-section elementor-top-section elementor-element elementor-element-1754932f elementor-section-boxed elementor-section-height-default elementor-section-height-default\" data-id=\"1754932f\" data-element_type=\"section\" data-e-type=\"section\" data-settings=\"{&quot;background_background&quot;:&quot;classic&quot;}\">\n\t\t\t\t\t\t<div class=\"elementor-container elementor-column-gap-no\">\n\t\t\t\t\t<div class=\"elementor-column elementor-col-100 elementor-top-column elementor-element elementor-element-484e4b61\" data-id=\"484e4b61\" data-element_type=\"column\" data-e-type=\"column\">\n\t\t\t<div class=\"elementor-widget-wrap elementor-element-populated\">\n\t\t\t\t\t\t<section class=\"elementor-section elementor-inner-section elementor-element elementor-element-2d54f052 elementor-section-boxed elementor-section-height-default elementor-section-height-default\" data-id=\"2d54f052\" data-element_type=\"section\" data-e-type=\"section\">\n\t\t\t\t\t\t<div class=\"elementor-container elementor-column-gap-no\">\n\t\t\t\t\t<div class=\"elementor-column elementor-col-100 elementor-inner-column elementor-element elementor-element-137fbdc7\" data-id=\"137fbdc7\" data-element_type=\"column\" data-e-type=\"column\">\n\t\t\t<div class=\"elementor-widget-wrap elementor-element-populated\">\n\t\t\t\t\t\t<div class=\"elementor-element elementor-element-7796f7e0 animated-fast elementor-invisible elementor-widget elementor-widget-gva-heading-block\" data-id=\"7796f7e0\" data-element_type=\"widget\" data-e-type=\"widget\" data-settings=\"{&quot;_animation&quot;:&quot;fadeIn&quot;}\" data-widget_type=\"gva-heading-block.default\">\n\t\t\t\t<div class=\"elementor-widget-container\">\n\t\t\t\t\t<div class=\"gva-element-gva-heading-block gva-element\">   <div class=\"align-center style-1 widget gsc-heading box-align-center auto-responsive\">\r\n      <div class=\"content-inner\">\r\n         \r\n         \r\n           \r\n         \r\n                     <h2 class=\"title\">\r\n               <span>Judicial Recess and Its Effects on Trial Periods<\/span>\r\n            <\/h2>\r\n                  \r\n         \r\n      <\/div>\r\n   <\/div>\r\n<\/div>\t\t\t\t<\/div>\n\t\t\t\t<\/div>\n\t\t\t\t<div class=\"elementor-element elementor-element-a9ef1a8 animated-fast elementor-invisible elementor-widget elementor-widget-gva-heading-block\" data-id=\"a9ef1a8\" data-element_type=\"widget\" data-e-type=\"widget\" data-settings=\"{&quot;_animation&quot;:&quot;fadeIn&quot;}\" data-widget_type=\"gva-heading-block.default\">\n\t\t\t\t<div class=\"elementor-widget-container\">\n\t\t\t\t\t<div class=\"gva-element-gva-heading-block gva-element\">   <div class=\"align-center style-1 widget gsc-heading box-align-center \">\r\n      <div class=\"content-inner\">\r\n         \r\n         \r\n           \r\n         \r\n                     <h2 class=\"title\">\r\n               <span>20 TEMMUZ 2023<\/span>\r\n            <\/h2>\r\n                  \r\n         \r\n      <\/div>\r\n   <\/div>\r\n<\/div>\t\t\t\t<\/div>\n\t\t\t\t<\/div>\n\t\t\t\t\t<\/div>\n\t\t<\/div>\n\t\t\t\t\t<\/div>\n\t\t<\/section>\n\t\t\t\t\t<\/div>\n\t\t<\/div>\n\t\t\t\t\t<\/div>\n\t\t<\/section>\n\t\t\t\t<section class=\"elementor-section elementor-top-section elementor-element elementor-element-6c5beb0 elementor-section-boxed elementor-section-height-default elementor-section-height-default\" data-id=\"6c5beb0\" data-element_type=\"section\" data-e-type=\"section\">\n\t\t\t\t\t\t<div class=\"elementor-container elementor-column-gap-default\">\n\t\t\t\t\t<div class=\"elementor-column elementor-col-100 elementor-top-column elementor-element elementor-element-5a82530\" data-id=\"5a82530\" data-element_type=\"column\" data-e-type=\"column\">\n\t\t\t<div class=\"elementor-widget-wrap elementor-element-populated\">\n\t\t\t\t\t\t<div class=\"elementor-element elementor-element-66115c3 elementor-widget elementor-widget-heading\" data-id=\"66115c3\" data-element_type=\"widget\" data-e-type=\"widget\" data-widget_type=\"heading.default\">\n\t\t\t\t<div class=\"elementor-widget-container\">\n\t\t\t\t\t<h2 class=\"elementor-heading-title elementor-size-default\">Judicial Recess and Its Effects on Trial Periods<\/h2>\t\t\t\t<\/div>\n\t\t\t\t<\/div>\n\t\t\t\t<section class=\"elementor-section elementor-inner-section elementor-element elementor-element-fc3d8f8 elementor-section-boxed elementor-section-height-default elementor-section-height-default\" data-id=\"fc3d8f8\" data-element_type=\"section\" data-e-type=\"section\">\n\t\t\t\t\t\t<div class=\"elementor-container elementor-column-gap-default\">\n\t\t\t\t\t<div class=\"elementor-column elementor-col-100 elementor-inner-column elementor-element elementor-element-ec3ee70\" data-id=\"ec3ee70\" data-element_type=\"column\" data-e-type=\"column\">\n\t\t\t<div class=\"elementor-widget-wrap elementor-element-populated\">\n\t\t\t\t\t\t<div class=\"elementor-element elementor-element-d3de41f elementor-widget elementor-widget-text-editor\" data-id=\"d3de41f\" data-element_type=\"widget\" data-e-type=\"widget\" data-widget_type=\"text-editor.default\">\n\t\t\t\t<div class=\"elementor-widget-container\">\n\t\t\t\t\t\t\t\t\t<p><em><strong>Summary:<\/strong> As per Administrative Jurisdiction Procedure Law, procedures at Regional Administrative Courts, Administrative Courts and Tax Courts are suspended from July 20 through August 31 and resume on September 1 every year. Within this period, the courts are in judicial recess, except for situations stipulated by law. This practice covers judicial and administrative procedures. The Constitutional Court does not enter into judicial recess. As the Court continues working during the judicial recess, application periods and other granted periods continue.<\/em><\/p>\t\t\t\t\t\t\t\t<\/div>\n\t\t\t\t<\/div>\n\t\t\t\t\t<\/div>\n\t\t<\/div>\n\t\t\t\t\t<\/div>\n\t\t<\/section>\n\t\t\t\t<div class=\"elementor-element elementor-element-537b648 elementor-widget-divider--view-line elementor-widget elementor-widget-divider\" data-id=\"537b648\" data-element_type=\"widget\" data-e-type=\"widget\" data-widget_type=\"divider.default\">\n\t\t\t\t<div class=\"elementor-widget-container\">\n\t\t\t\t\t\t\t<div class=\"elementor-divider\">\n\t\t\t<span class=\"elementor-divider-separator\">\n\t\t\t\t\t\t<\/span>\n\t\t<\/div>\n\t\t\t\t\t\t<\/div>\n\t\t\t\t<\/div>\n\t\t\t\t<div class=\"elementor-element elementor-element-0704d14 elementor-widget elementor-widget-text-editor\" data-id=\"0704d14\" data-element_type=\"widget\" data-e-type=\"widget\" data-widget_type=\"text-editor.default\">\n\t\t\t\t<div class=\"elementor-widget-container\">\n\t\t\t\t\t\t\t\t\t<p><strong>I. Scope of the Judicial Recess<\/strong><\/p><p>Procedures at Regional Administrative Courts, Administrative Courts and Tax Courts are suspended during the judicial recess. In addition, administrative judicial authorities outside the provincial center, where the regional administrative court of the relevant jurisdiction is located, and in places with only one administrative or tax court, are outside the scope of the judicial recess.<\/p><p>Periods such as term of litigation, term of response, term of objection to the decision for stay of execution, period for appeal, term of retrial, etc. do not continue during the judicial recess. In addition, there are no legal obstacles for making such applications.<\/p><p>Services that should continue during the judicial recess are carried out through courts on duty, which perform procedures for stay of execution and recording of evidence during the judicial recess, as well as procedures that should be decided within certain legal periods.<\/p><p><strong>II. <\/strong><strong>Judicial Recess with Regard to the Effect of Periods<\/strong><\/p><p>If the last day of periods specified in the Administrative Jurisdiction Procedure Law coincides with the judicial recess, such periods are extended for <strong>seven days <\/strong>starting from the day after the ending day of the judicial recess.<\/p><p>In lawsuits and procedures subject to judicial recess as per the Code of Civil Procedure, if the ending day of periods specified in this code coincide with the judicial recess, such periods are extended for <strong>one week <\/strong>starting from the ending day of the judicial recess without the need for any additional decision.<\/p><p>For trials of tax crimes at Criminal Courts, periods coinciding with the judicial recess do not continue. Such periods are extended for <strong>three days<\/strong> starting from the ending day of the judicial recess.<\/p><p><strong>III. Implementation of Law no. 6183<\/strong><\/p><p>As the Administrative Jurisdiction Procedure Law regulates the judicial recess in terms of periods specified in the Law, the judicial recess is not applicable for disputes arising from Law no. 6183 and settled at administrative\/tax courts<\/p><p><strong>IV. With Regard to Tax-Related Disputes at Private Law Courts<\/strong><\/p><p>Lawsuit, counterclaim and appeal petitions to be submitted for lawsuits and procedures other than those specified in the Law (Art. 103), as well as relevant reply petitions, renewal petitions for lawsuits with closed files, court orders and all kinds of notifications are sent to another court, to the regional court of justice or Court of Cassation.<\/p><p><strong>V. With Regard to Tax Crimes at Criminal Courts<\/strong><\/p><p>The manner of conducting investigations, proceedings under arrest and other urgent issues during the judicial recess are determined by the High Council of Judges and Prosecutors. During the judicial recess, regional courts of justice and Court of Cassation only examine proceedings under arrest or procedures under the Code of Procedure for Flagrant Offences.<\/p><p>Should you have any questions regarding the judicial recess law, please do not hesitate to contact us.<\/p><p>\u00a0<\/p><p>Regards<\/p>\t\t\t\t\t\t\t\t<\/div>\n\t\t\t\t<\/div>\n\t\t\t\t<div class=\"elementor-element elementor-element-dbcde32 elementor-widget elementor-widget-image\" data-id=\"dbcde32\" data-element_type=\"widget\" data-e-type=\"widget\" data-widget_type=\"image.default\">\n\t\t\t\t<div class=\"elementor-widget-container\">\n\t\t\t\t\t\t\t\t\t\t\t\t\t\t\t<img decoding=\"async\" width=\"400\" height=\"97\" src=\"https:\/\/gndolegal.com\/wp-content\/uploads\/2023\/07\/ds-jpg.webp\" class=\"attachment-full size-full wp-image-5729\" alt=\"\" \/>\t\t\t\t\t\t\t\t\t\t\t\t\t\t\t<\/div>\n\t\t\t\t<\/div>\n\t\t\t\t\t<\/div>\n\t\t<\/div>\n\t\t\t\t\t<\/div>\n\t\t<\/section>\n\t\t\t\t<\/div>\n\t\t","protected":false},"excerpt":{"rendered":"<p>Judicial Recess and Its Effects on Trial Periods 20 TEMMUZ 2023 Judicial Recess and Its Effects on Trial Periods Summary: As per Administrative Jurisdiction Procedure Law, procedures at Regional Administrative [&hellip;]<\/p>\n","protected":false},"author":1,"featured_media":0,"parent":0,"menu_order":0,"comment_status":"closed","ping_status":"closed","template":"","meta":{"_price":"","_stock":"","_tribe_ticket_header":"","_tribe_default_ticket_provider":"","_ticket_start_date":"","_ticket_end_date":"","_tribe_ticket_show_description":"","_tribe_ticket_show_not_going":false,"_tribe_ticket_use_global_stock":"","_tribe_ticket_global_stock_level":"","_global_stock_mode":"","_global_stock_cap":"","_tribe_rsvp_for_event":"","_tribe_ticket_going_count":"","_tribe_ticket_not_going_count":"","_tribe_tickets_list":"[]","_tribe_ticket_has_attendee_info_fields":false,"footnotes":"","_tec_slr_enabled":"","_tec_slr_layout":""},"categories":[],"tags":[],"class_list":["post-5765","page","type-page","status-publish","hentry"],"yoast_head":"<!-- This site is optimized with the Yoast SEO plugin v27.1.1 - https:\/\/yoast.com\/product\/yoast-seo-wordpress\/ -->\n<title>Judicial Recess and Its Effects on Trial Periods - GNDO Legal | G\u00fcnd\u00fcz &amp; \u00d6zgen\u00e7 Avukatl\u0131k Ortakl\u0131\u011f\u0131<\/title>\n<meta name=\"robots\" content=\"index, follow, max-snippet:-1, max-image-preview:large, max-video-preview:-1\" \/>\n<link rel=\"canonical\" href=\"https:\/\/gndolegal.com\/adli-tatil-ve-yargilama-surelerine-etkisi\/\" \/>\n<meta property=\"og:locale\" content=\"en_US\" \/>\n<meta property=\"og:type\" content=\"article\" \/>\n<meta property=\"og:title\" content=\"Judicial Recess and Its Effects on Trial Periods - GNDO Legal | G\u00fcnd\u00fcz &amp; \u00d6zgen\u00e7 Avukatl\u0131k Ortakl\u0131\u011f\u0131\" \/>\n<meta property=\"og:description\" content=\"Judicial Recess and Its Effects on Trial Periods 20 TEMMUZ 2023 Judicial Recess and Its Effects on Trial Periods Summary: As per Administrative Jurisdiction Procedure Law, procedures at Regional Administrative [&hellip;]\" \/>\n<meta property=\"og:url\" content=\"https:\/\/gndolegal.com\/adli-tatil-ve-yargilama-surelerine-etkisi\/\" \/>\n<meta property=\"og:site_name\" content=\"GNDO Legal | G\u00fcnd\u00fcz &amp; \u00d6zgen\u00e7 Avukatl\u0131k Ortakl\u0131\u011f\u0131\" \/>\n<meta property=\"article:modified_time\" content=\"2023-07-21T08:27:33+00:00\" \/>\n<meta property=\"og:image\" content=\"https:\/\/gndolegal.com\/wp-content\/uploads\/2023\/07\/ds-jpg.webp\" \/>\n<meta name=\"twitter:card\" content=\"summary_large_image\" \/>\n<meta name=\"twitter:label1\" content=\"Est. reading time\" \/>\n\t<meta name=\"twitter:data1\" content=\"3 minutes\" \/>\n<script type=\"application\/ld+json\" class=\"yoast-schema-graph\">{\"@context\":\"https:\/\/schema.org\",\"@graph\":[{\"@type\":\"WebPage\",\"@id\":\"https:\/\/gndolegal.com\/adli-tatil-ve-yargilama-surelerine-etkisi\/\",\"url\":\"https:\/\/gndolegal.com\/adli-tatil-ve-yargilama-surelerine-etkisi\/\",\"name\":\"Judicial Recess and Its Effects on Trial Periods - GNDO Legal | G\u00fcnd\u00fcz &amp; \u00d6zgen\u00e7 Avukatl\u0131k Ortakl\u0131\u011f\u0131\",\"isPartOf\":{\"@id\":\"https:\/\/gndolegal.com\/#website\"},\"primaryImageOfPage\":{\"@id\":\"https:\/\/gndolegal.com\/adli-tatil-ve-yargilama-surelerine-etkisi\/#primaryimage\"},\"image\":{\"@id\":\"https:\/\/gndolegal.com\/adli-tatil-ve-yargilama-surelerine-etkisi\/#primaryimage\"},\"thumbnailUrl\":\"https:\/\/gndolegal.com\/wp-content\/uploads\/2023\/07\/ds-jpg.webp\",\"datePublished\":\"2023-07-20T07:56:57+00:00\",\"dateModified\":\"2023-07-21T08:27:33+00:00\",\"breadcrumb\":{\"@id\":\"https:\/\/gndolegal.com\/adli-tatil-ve-yargilama-surelerine-etkisi\/#breadcrumb\"},\"inLanguage\":\"en-US\",\"potentialAction\":[{\"@type\":\"ReadAction\",\"target\":[\"https:\/\/gndolegal.com\/adli-tatil-ve-yargilama-surelerine-etkisi\/\"]}]},{\"@type\":\"ImageObject\",\"inLanguage\":\"en-US\",\"@id\":\"https:\/\/gndolegal.com\/adli-tatil-ve-yargilama-surelerine-etkisi\/#primaryimage\",\"url\":\"https:\/\/gndolegal.com\/wp-content\/uploads\/2023\/07\/ds-jpg.webp\",\"contentUrl\":\"https:\/\/gndolegal.com\/wp-content\/uploads\/2023\/07\/ds-jpg.webp\"},{\"@type\":\"BreadcrumbList\",\"@id\":\"https:\/\/gndolegal.com\/adli-tatil-ve-yargilama-surelerine-etkisi\/#breadcrumb\",\"itemListElement\":[{\"@type\":\"ListItem\",\"position\":1,\"name\":\"Anasayfa\",\"item\":\"https:\/\/gndolegal.com\/en\/\"},{\"@type\":\"ListItem\",\"position\":2,\"name\":\"Judicial Recess and Its Effects on Trial Periods\"}]},{\"@type\":\"WebSite\",\"@id\":\"https:\/\/gndolegal.com\/#website\",\"url\":\"https:\/\/gndolegal.com\/\",\"name\":\"GNDO Legal\",\"description\":\"Vergi Uyu\u015fmazl\u0131klar\u0131 \u00c7\u00f6z\u00fcm Merkezi\",\"publisher\":{\"@id\":\"https:\/\/gndolegal.com\/#organization\"},\"potentialAction\":[{\"@type\":\"SearchAction\",\"target\":{\"@type\":\"EntryPoint\",\"urlTemplate\":\"https:\/\/gndolegal.com\/?s={search_term_string}\"},\"query-input\":{\"@type\":\"PropertyValueSpecification\",\"valueRequired\":true,\"valueName\":\"search_term_string\"}}],\"inLanguage\":\"en-US\"},{\"@type\":\"Organization\",\"@id\":\"https:\/\/gndolegal.com\/#organization\",\"name\":\"GNDO Legal\",\"alternateName\":\"G\u00fcnd\u00fcz & \u00d6zgen\u00e7 Avukatl\u0131k Ortakl\u0131\u011f\u0131\",\"url\":\"https:\/\/gndolegal.com\/\",\"logo\":{\"@type\":\"ImageObject\",\"inLanguage\":\"en-US\",\"@id\":\"https:\/\/gndolegal.com\/#\/schema\/logo\/image\/\",\"url\":\"https:\/\/gndolegal.com\/wp-content\/uploads\/2022\/12\/logo_retina.jpg\",\"contentUrl\":\"https:\/\/gndolegal.com\/wp-content\/uploads\/2022\/12\/logo_retina.jpg\",\"width\":250,\"height\":68,\"caption\":\"GNDO Legal\"},\"image\":{\"@id\":\"https:\/\/gndolegal.com\/#\/schema\/logo\/image\/\"},\"sameAs\":[\"https:\/\/www.linkedin.com\/company\/gndolegal\/\"]}]}<\/script>\n<!-- \/ Yoast SEO plugin. -->","yoast_head_json":{"title":"Judicial Recess and Its Effects on Trial Periods - GNDO Legal | G\u00fcnd\u00fcz &amp; \u00d6zgen\u00e7 Avukatl\u0131k Ortakl\u0131\u011f\u0131","robots":{"index":"index","follow":"follow","max-snippet":"max-snippet:-1","max-image-preview":"max-image-preview:large","max-video-preview":"max-video-preview:-1"},"canonical":"https:\/\/gndolegal.com\/adli-tatil-ve-yargilama-surelerine-etkisi\/","og_locale":"en_US","og_type":"article","og_title":"Judicial Recess and Its Effects on Trial Periods - GNDO Legal | G\u00fcnd\u00fcz &amp; \u00d6zgen\u00e7 Avukatl\u0131k Ortakl\u0131\u011f\u0131","og_description":"Judicial Recess and Its Effects on Trial Periods 20 TEMMUZ 2023 Judicial Recess and Its Effects on Trial Periods Summary: As per Administrative Jurisdiction Procedure Law, procedures at Regional Administrative [&hellip;]","og_url":"https:\/\/gndolegal.com\/adli-tatil-ve-yargilama-surelerine-etkisi\/","og_site_name":"GNDO Legal | G\u00fcnd\u00fcz &amp; \u00d6zgen\u00e7 Avukatl\u0131k Ortakl\u0131\u011f\u0131","article_modified_time":"2023-07-21T08:27:33+00:00","og_image":[{"url":"https:\/\/gndolegal.com\/wp-content\/uploads\/2023\/07\/ds-jpg.webp","type":"","width":"","height":""}],"twitter_card":"summary_large_image","twitter_misc":{"Est. reading time":"3 minutes"},"schema":{"@context":"https:\/\/schema.org","@graph":[{"@type":"WebPage","@id":"https:\/\/gndolegal.com\/adli-tatil-ve-yargilama-surelerine-etkisi\/","url":"https:\/\/gndolegal.com\/adli-tatil-ve-yargilama-surelerine-etkisi\/","name":"Judicial Recess and Its Effects on Trial Periods - GNDO Legal | G\u00fcnd\u00fcz &amp; \u00d6zgen\u00e7 Avukatl\u0131k Ortakl\u0131\u011f\u0131","isPartOf":{"@id":"https:\/\/gndolegal.com\/#website"},"primaryImageOfPage":{"@id":"https:\/\/gndolegal.com\/adli-tatil-ve-yargilama-surelerine-etkisi\/#primaryimage"},"image":{"@id":"https:\/\/gndolegal.com\/adli-tatil-ve-yargilama-surelerine-etkisi\/#primaryimage"},"thumbnailUrl":"https:\/\/gndolegal.com\/wp-content\/uploads\/2023\/07\/ds-jpg.webp","datePublished":"2023-07-20T07:56:57+00:00","dateModified":"2023-07-21T08:27:33+00:00","breadcrumb":{"@id":"https:\/\/gndolegal.com\/adli-tatil-ve-yargilama-surelerine-etkisi\/#breadcrumb"},"inLanguage":"en-US","potentialAction":[{"@type":"ReadAction","target":["https:\/\/gndolegal.com\/adli-tatil-ve-yargilama-surelerine-etkisi\/"]}]},{"@type":"ImageObject","inLanguage":"en-US","@id":"https:\/\/gndolegal.com\/adli-tatil-ve-yargilama-surelerine-etkisi\/#primaryimage","url":"https:\/\/gndolegal.com\/wp-content\/uploads\/2023\/07\/ds-jpg.webp","contentUrl":"https:\/\/gndolegal.com\/wp-content\/uploads\/2023\/07\/ds-jpg.webp"},{"@type":"BreadcrumbList","@id":"https:\/\/gndolegal.com\/adli-tatil-ve-yargilama-surelerine-etkisi\/#breadcrumb","itemListElement":[{"@type":"ListItem","position":1,"name":"Anasayfa","item":"https:\/\/gndolegal.com\/en\/"},{"@type":"ListItem","position":2,"name":"Judicial Recess and Its Effects on Trial Periods"}]},{"@type":"WebSite","@id":"https:\/\/gndolegal.com\/#website","url":"https:\/\/gndolegal.com\/","name":"GNDO Legal","description":"Vergi Uyu\u015fmazl\u0131klar\u0131 \u00c7\u00f6z\u00fcm Merkezi","publisher":{"@id":"https:\/\/gndolegal.com\/#organization"},"potentialAction":[{"@type":"SearchAction","target":{"@type":"EntryPoint","urlTemplate":"https:\/\/gndolegal.com\/?s={search_term_string}"},"query-input":{"@type":"PropertyValueSpecification","valueRequired":true,"valueName":"search_term_string"}}],"inLanguage":"en-US"},{"@type":"Organization","@id":"https:\/\/gndolegal.com\/#organization","name":"GNDO Legal","alternateName":"G\u00fcnd\u00fcz & \u00d6zgen\u00e7 Avukatl\u0131k Ortakl\u0131\u011f\u0131","url":"https:\/\/gndolegal.com\/","logo":{"@type":"ImageObject","inLanguage":"en-US","@id":"https:\/\/gndolegal.com\/#\/schema\/logo\/image\/","url":"https:\/\/gndolegal.com\/wp-content\/uploads\/2022\/12\/logo_retina.jpg","contentUrl":"https:\/\/gndolegal.com\/wp-content\/uploads\/2022\/12\/logo_retina.jpg","width":250,"height":68,"caption":"GNDO Legal"},"image":{"@id":"https:\/\/gndolegal.com\/#\/schema\/logo\/image\/"},"sameAs":["https:\/\/www.linkedin.com\/company\/gndolegal\/"]}]}},"ticketed":false,"_links":{"self":[{"href":"https:\/\/gndolegal.com\/en\/wp-json\/wp\/v2\/pages\/5765","targetHints":{"allow":["GET"]}}],"collection":[{"href":"https:\/\/gndolegal.com\/en\/wp-json\/wp\/v2\/pages"}],"about":[{"href":"https:\/\/gndolegal.com\/en\/wp-json\/wp\/v2\/types\/page"}],"author":[{"embeddable":true,"href":"https:\/\/gndolegal.com\/en\/wp-json\/wp\/v2\/users\/1"}],"replies":[{"embeddable":true,"href":"https:\/\/gndolegal.com\/en\/wp-json\/wp\/v2\/comments?post=5765"}],"version-history":[{"count":4,"href":"https:\/\/gndolegal.com\/en\/wp-json\/wp\/v2\/pages\/5765\/revisions"}],"predecessor-version":[{"id":5769,"href":"https:\/\/gndolegal.com\/en\/wp-json\/wp\/v2\/pages\/5765\/revisions\/5769"}],"wp:attachment":[{"href":"https:\/\/gndolegal.com\/en\/wp-json\/wp\/v2\/media?parent=5765"}],"wp:term":[{"taxonomy":"category","embeddable":true,"href":"https:\/\/gndolegal.com\/en\/wp-json\/wp\/v2\/categories?post=5765"},{"taxonomy":"post_tag","embeddable":true,"href":"https:\/\/gndolegal.com\/en\/wp-json\/wp\/v2\/tags?post=5765"}],"curies":[{"name":"wp","href":"https:\/\/api.w.org\/{rel}","templated":true}]}}