{"id":6247,"date":"2023-10-10T21:13:09","date_gmt":"2023-10-10T18:13:09","guid":{"rendered":"https:\/\/gndolegal.com\/?page_id=6247"},"modified":"2023-10-10T23:23:26","modified_gmt":"2023-10-10T20:23:26","slug":"constitutional-court-decision-on-disposition-deemed-as-gift-under-law-no-6183","status":"publish","type":"page","link":"https:\/\/gndolegal.com\/en\/constitutional-court-decision-on-disposition-deemed-as-gift-under-law-no-6183\/","title":{"rendered":"6183 Say\u0131l\u0131 Kanun Kapsam\u0131nda Ba\u011f\u0131\u015flama Say\u0131lan Tasarruflara \u0130li\u015fkin Anayasa Mahkemesi Karar\u0131"},"content":{"rendered":"\t\t<div data-elementor-type=\"wp-page\" data-elementor-id=\"6247\" class=\"elementor elementor-6247\">\n\t\t\t\t\t\t<section class=\"elementor-section elementor-top-section elementor-element elementor-element-0a10a20 elementor-section-full_width elementor-section-height-default elementor-section-height-default\" data-id=\"0a10a20\" data-element_type=\"section\" data-e-type=\"section\">\n\t\t\t\t\t\t<div class=\"elementor-container elementor-column-gap-default\">\n\t\t\t\t\t<div class=\"elementor-column elementor-col-100 elementor-top-column elementor-element elementor-element-89d3eb1\" data-id=\"89d3eb1\" data-element_type=\"column\" data-e-type=\"column\">\n\t\t\t<div class=\"elementor-widget-wrap elementor-element-populated\">\n\t\t\t\t\t\t<div class=\"elementor-element elementor-element-3184e56 elementor-widget elementor-widget-gva_post_breadcrumb\" data-id=\"3184e56\" data-element_type=\"widget\" data-e-type=\"widget\" data-widget_type=\"gva_post_breadcrumb.default\">\n\t\t\t\t<div class=\"elementor-widget-container\">\n\t\t\t\t\t<div class=\"gva-element-gva_post_breadcrumb gva-element\">   \r\n<div class=\"post-breadcrumb\">\r\n   <div class=\"custom-breadcrumb \" >\r\n               <div class=\"breadcrumb-overlay\" style=\"\"><\/div>\r\n            <div class=\"breadcrumb-main\">\r\n        <div class=\"container\">\r\n          <div class=\"breadcrumb-container-inner\">\r\n                      <\/div>  \r\n        <\/div>   \r\n      <\/div>  \r\n   <\/div>\r\n<\/div>      \r\n\r\n<\/div>\t\t\t\t<\/div>\n\t\t\t\t<\/div>\n\t\t\t\t\t<\/div>\n\t\t<\/div>\n\t\t\t\t\t<\/div>\n\t\t<\/section>\n\t\t\t\t<section class=\"elementor-section elementor-top-section elementor-element elementor-element-1754932f elementor-section-boxed elementor-section-height-default elementor-section-height-default\" data-id=\"1754932f\" data-element_type=\"section\" data-e-type=\"section\" data-settings=\"{&quot;background_background&quot;:&quot;classic&quot;}\">\n\t\t\t\t\t\t<div class=\"elementor-container elementor-column-gap-no\">\n\t\t\t\t\t<div class=\"elementor-column elementor-col-100 elementor-top-column elementor-element elementor-element-484e4b61\" data-id=\"484e4b61\" data-element_type=\"column\" data-e-type=\"column\">\n\t\t\t<div class=\"elementor-widget-wrap elementor-element-populated\">\n\t\t\t\t\t\t<section class=\"elementor-section elementor-inner-section elementor-element elementor-element-2d54f052 elementor-section-boxed elementor-section-height-default elementor-section-height-default\" data-id=\"2d54f052\" data-element_type=\"section\" data-e-type=\"section\">\n\t\t\t\t\t\t<div class=\"elementor-container elementor-column-gap-no\">\n\t\t\t\t\t<div class=\"elementor-column elementor-col-100 elementor-inner-column elementor-element elementor-element-137fbdc7\" data-id=\"137fbdc7\" data-element_type=\"column\" data-e-type=\"column\">\n\t\t\t<div class=\"elementor-widget-wrap elementor-element-populated\">\n\t\t\t\t\t\t<div class=\"elementor-element elementor-element-7796f7e0 animated-fast elementor-invisible elementor-widget elementor-widget-gva-heading-block\" data-id=\"7796f7e0\" data-element_type=\"widget\" data-e-type=\"widget\" data-settings=\"{&quot;_animation&quot;:&quot;fadeIn&quot;}\" data-widget_type=\"gva-heading-block.default\">\n\t\t\t\t<div class=\"elementor-widget-container\">\n\t\t\t\t\t<div class=\"gva-element-gva-heading-block gva-element\">   <div class=\"align-center style-1 widget gsc-heading box-align-center auto-responsive\">\r\n      <div class=\"content-inner\">\r\n         \r\n         \r\n           \r\n         \r\n                     <h2 class=\"title\">\r\n               <span>Constitutional Court Decision on Disposition Deemed as Gift under Law no. 6183 <\/span>\r\n            <\/h2>\r\n                  \r\n         \r\n      <\/div>\r\n   <\/div>\r\n<\/div>\t\t\t\t<\/div>\n\t\t\t\t<\/div>\n\t\t\t\t<div class=\"elementor-element elementor-element-a9ef1a8 animated-fast elementor-invisible elementor-widget elementor-widget-gva-heading-block\" data-id=\"a9ef1a8\" data-element_type=\"widget\" data-e-type=\"widget\" data-settings=\"{&quot;_animation&quot;:&quot;fadeIn&quot;}\" data-widget_type=\"gva-heading-block.default\">\n\t\t\t\t<div class=\"elementor-widget-container\">\n\t\t\t\t\t<div class=\"gva-element-gva-heading-block gva-element\">   <div class=\"align-center style-1 widget gsc-heading box-align-center \">\r\n      <div class=\"content-inner\">\r\n         \r\n         \r\n           \r\n         \r\n                     <h2 class=\"title\">\r\n               <span>20 September 2023<\/span>\r\n            <\/h2>\r\n                  \r\n         \r\n      <\/div>\r\n   <\/div>\r\n<\/div>\t\t\t\t<\/div>\n\t\t\t\t<\/div>\n\t\t\t\t\t<\/div>\n\t\t<\/div>\n\t\t\t\t\t<\/div>\n\t\t<\/section>\n\t\t\t\t\t<\/div>\n\t\t<\/div>\n\t\t\t\t\t<\/div>\n\t\t<\/section>\n\t\t\t\t<section class=\"elementor-section elementor-top-section elementor-element elementor-element-6c5beb0 elementor-section-boxed elementor-section-height-default elementor-section-height-default\" data-id=\"6c5beb0\" data-element_type=\"section\" data-e-type=\"section\">\n\t\t\t\t\t\t<div class=\"elementor-container elementor-column-gap-default\">\n\t\t\t\t\t<div class=\"elementor-column elementor-col-100 elementor-top-column elementor-element elementor-element-5a82530\" data-id=\"5a82530\" data-element_type=\"column\" data-e-type=\"column\">\n\t\t\t<div class=\"elementor-widget-wrap elementor-element-populated\">\n\t\t\t\t\t\t<div class=\"elementor-element elementor-element-66115c3 elementor-widget elementor-widget-heading\" data-id=\"66115c3\" data-element_type=\"widget\" data-e-type=\"widget\" data-widget_type=\"heading.default\">\n\t\t\t\t<div class=\"elementor-widget-container\">\n\t\t\t\t\t<h2 class=\"elementor-heading-title elementor-size-default\">Constitutional Court Decision on Disposition Deemed as Gift under Law no. 6183 <\/h2>\t\t\t\t<\/div>\n\t\t\t\t<\/div>\n\t\t\t\t<section class=\"elementor-section elementor-inner-section elementor-element elementor-element-fc3d8f8 elementor-section-boxed elementor-section-height-default elementor-section-height-default\" data-id=\"fc3d8f8\" data-element_type=\"section\" data-e-type=\"section\">\n\t\t\t\t\t\t<div class=\"elementor-container elementor-column-gap-default\">\n\t\t\t\t\t<div class=\"elementor-column elementor-col-100 elementor-inner-column elementor-element elementor-element-ec3ee70\" data-id=\"ec3ee70\" data-element_type=\"column\" data-e-type=\"column\">\n\t\t\t<div class=\"elementor-widget-wrap elementor-element-populated\">\n\t\t\t\t\t\t<div class=\"elementor-element elementor-element-d3de41f elementor-widget elementor-widget-text-editor\" data-id=\"d3de41f\" data-element_type=\"widget\" data-e-type=\"widget\" data-widget_type=\"text-editor.default\">\n\t\t\t\t<div class=\"elementor-widget-container\">\n\t\t\t\t\t\t\t\t\t<p><strong>Summary: <\/strong>In the action for annulment of disposition against immovable property share transfer between first-degree blood relatives, the Court concluded that the rule subject to objection was against the Constitution, and applied to the Constitutional Court through objection on the grounds that subparagraph (1) of the first subclause of Article 28 of Law no. 6183 on Collection Procedure of Public Receivables contradicted with Articles 13, 35 and 36 of the Constitution. In consequence of its norm evaluation, the Constitutional Court concluded that the article conflicted with the Constitution.<\/p>\t\t\t\t\t\t\t\t<\/div>\n\t\t\t\t<\/div>\n\t\t\t\t\t<\/div>\n\t\t<\/div>\n\t\t\t\t\t<\/div>\n\t\t<\/section>\n\t\t\t\t<div class=\"elementor-element elementor-element-537b648 elementor-widget-divider--view-line elementor-widget elementor-widget-divider\" data-id=\"537b648\" data-element_type=\"widget\" data-e-type=\"widget\" data-widget_type=\"divider.default\">\n\t\t\t\t<div class=\"elementor-widget-container\">\n\t\t\t\t\t\t\t<div class=\"elementor-divider\">\n\t\t\t<span class=\"elementor-divider-separator\">\n\t\t\t\t\t\t<\/span>\n\t\t<\/div>\n\t\t\t\t\t\t<\/div>\n\t\t\t\t<\/div>\n\t\t\t\t<div class=\"elementor-element elementor-element-0704d14 elementor-widget elementor-widget-text-editor\" data-id=\"0704d14\" data-element_type=\"widget\" data-e-type=\"widget\" data-widget_type=\"text-editor.default\">\n\t\t\t\t<div class=\"elementor-widget-container\">\n\t\t\t\t\t\t\t\t\t<p><strong>Our Explanations:<\/strong><\/p><p><strong>Constitutional Court Decision no.<\/strong> <strong>E.2022\/134, K.2023\/116 dated 22\/06\/2023<\/strong><\/p><p>In the relevant dispute, the trial court concluded that disposition between claimants, who were father and son, should be deemed as gift as per Article 28 of Law no. 6183; however, the article did not allow any research on whether the disposition in dispute was made to make collection of public receivables impossible, and the expression <em>&#8220;Onerous dispositions between blood relatives up to (including) third-degree and between spouses and relatives by marriage up to (including) second-degree&#8221; in Article <\/em>28\/1-1 of Law no. 6183 disturbed the balance between public interest and personal interest, and led to unmeasured restriction of property rights and right to legal remedies. The Constitutional Court was applied through objection on the grounds that the rule contradicted with Articles 13, 35 and 36 of the Constitution.\u00a0\u00a0<\/p><p>In consequence of its norm evaluation, the Constitutional Court concluded as follows:<\/p><ul><li><strong>In Terms of Certainty and Predictability:<\/strong><\/li><\/ul><p>The Article defines clearly and unambiguously, without any hesitation for persons and administrations, as to which onerous dispositions made by the public debtor to whom or up to which degree of blood or in-law relationship shall be deemed as gifts. Therefore, it is understood that the rule is specific, addressable and predictable. For this reason, there is no unconstitutionality regarding restriction of fundamental rights and freedoms with law.<\/p><ul><li><strong>In Terms of Legitimate Purpose-Reasonable Means Evaluation: <\/strong><\/li><\/ul><p><strong>\u00a0<\/strong>According to the article, the presence of some conditions are required for opening an action for annulment of disposition and cancelling the onerous dispositions deemed as gift. In this case, it should be scrutinized whether restriction is required. The purpose of annulment of dispositions that lead to non-payment of public receivables is to make it possible to collect public receivables. If it is possible to achieve a purpose with a milder restriction, this should be preferred. Protection of public receivables is also possible with a rebuttable presumption. It is clear that such preference will have a milder effect on both property rights and right to legal remedies. For the explained reasons, the rule is contrary to Articles 13, 35 and 36 of the Constitution. It was decided that the decision would enter into force nine months after its publication on the Official Gazette.<\/p><p>The decision was published on the Official Gazette dated 19 September 2023, accessible via the attached link.<\/p><p><a href=\"https:\/\/www.resmigazete.gov.tr\/eskiler\/2023\/09\/20230915-23.pdf\">https:\/\/www.resmigazete.gov.tr\/eskiler\/2023\/09\/20230915-23.pdf<\/a><\/p><p>\u00a0<\/p><p>Regards,<\/p>\t\t\t\t\t\t\t\t<\/div>\n\t\t\t\t<\/div>\n\t\t\t\t<div class=\"elementor-element elementor-element-dbcde32 elementor-widget elementor-widget-image\" data-id=\"dbcde32\" data-element_type=\"widget\" data-e-type=\"widget\" data-widget_type=\"image.default\">\n\t\t\t\t<div class=\"elementor-widget-container\">\n\t\t\t\t\t\t\t\t\t\t\t\t\t\t\t<img decoding=\"async\" width=\"400\" height=\"97\" src=\"https:\/\/gndolegal.com\/wp-content\/uploads\/2023\/07\/ds-jpg.webp\" class=\"attachment-full size-full wp-image-5729\" alt=\"\" \/>\t\t\t\t\t\t\t\t\t\t\t\t\t\t\t<\/div>\n\t\t\t\t<\/div>\n\t\t\t\t\t<\/div>\n\t\t<\/div>\n\t\t\t\t\t<\/div>\n\t\t<\/section>\n\t\t\t\t<\/div>\n\t\t","protected":false},"excerpt":{"rendered":"<p>Constitutional Court Decision on Disposition Deemed as Gift under Law no. 6183 20 September 2023 Constitutional Court Decision on Disposition Deemed as Gift under Law no. 6183 Summary: In the [&hellip;]<\/p>\n","protected":false},"author":1,"featured_media":0,"parent":0,"menu_order":0,"comment_status":"closed","ping_status":"closed","template":"","meta":{"_price":"","_stock":"","_tribe_ticket_header":"","_tribe_default_ticket_provider":"","_ticket_start_date":"","_ticket_end_date":"","_tribe_ticket_show_description":"","_tribe_ticket_show_not_going":false,"_tribe_ticket_use_global_stock":"","_tribe_ticket_global_stock_level":"","_global_stock_mode":"","_global_stock_cap":"","_tribe_rsvp_for_event":"","_tribe_ticket_going_count":"","_tribe_ticket_not_going_count":"","_tribe_tickets_list":"[]","_tribe_ticket_has_attendee_info_fields":false,"footnotes":"","_tec_slr_enabled":"","_tec_slr_layout":""},"categories":[],"tags":[],"class_list":["post-6247","page","type-page","status-publish","hentry"],"yoast_head":"<!-- This site is optimized with the Yoast SEO plugin v27.1.1 - https:\/\/yoast.com\/product\/yoast-seo-wordpress\/ -->\n<title>6183 Say\u0131l\u0131 Kanun Kapsam\u0131nda Ba\u011f\u0131\u015flama Say\u0131lan Tasarruflara \u0130li\u015fkin Anayasa Mahkemesi Karar\u0131 - GNDO Legal | G\u00fcnd\u00fcz &amp; \u00d6zgen\u00e7 Avukatl\u0131k Ortakl\u0131\u011f\u0131<\/title>\n<meta name=\"robots\" content=\"index, follow, max-snippet:-1, max-image-preview:large, max-video-preview:-1\" \/>\n<link rel=\"canonical\" href=\"https:\/\/gndolegal.com\/en\/constitutional-court-decision-on-disposition-deemed-as-gift-under-law-no-6183\/\" \/>\n<meta property=\"og:locale\" content=\"en_US\" \/>\n<meta property=\"og:type\" content=\"article\" \/>\n<meta property=\"og:title\" content=\"6183 Say\u0131l\u0131 Kanun Kapsam\u0131nda Ba\u011f\u0131\u015flama Say\u0131lan Tasarruflara \u0130li\u015fkin Anayasa Mahkemesi Karar\u0131 - GNDO Legal | G\u00fcnd\u00fcz &amp; \u00d6zgen\u00e7 Avukatl\u0131k Ortakl\u0131\u011f\u0131\" \/>\n<meta property=\"og:description\" content=\"Constitutional Court Decision on Disposition Deemed as Gift under Law no. 6183 20 September 2023 Constitutional Court Decision on Disposition Deemed as Gift under Law no. 6183 Summary: In the [&hellip;]\" \/>\n<meta property=\"og:url\" content=\"https:\/\/gndolegal.com\/en\/constitutional-court-decision-on-disposition-deemed-as-gift-under-law-no-6183\/\" \/>\n<meta property=\"og:site_name\" content=\"GNDO Legal | G\u00fcnd\u00fcz &amp; \u00d6zgen\u00e7 Avukatl\u0131k Ortakl\u0131\u011f\u0131\" \/>\n<meta property=\"article:modified_time\" content=\"2023-10-10T20:23:26+00:00\" \/>\n<meta property=\"og:image\" content=\"https:\/\/gndolegal.com\/wp-content\/uploads\/2023\/07\/ds-jpg.webp\" \/>\n<meta name=\"twitter:card\" content=\"summary_large_image\" \/>\n<meta name=\"twitter:label1\" content=\"Est. reading time\" \/>\n\t<meta name=\"twitter:data1\" content=\"3 minutes\" \/>\n<script type=\"application\/ld+json\" class=\"yoast-schema-graph\">{\"@context\":\"https:\/\/schema.org\",\"@graph\":[{\"@type\":\"WebPage\",\"@id\":\"https:\/\/gndolegal.com\/en\/constitutional-court-decision-on-disposition-deemed-as-gift-under-law-no-6183\/\",\"url\":\"https:\/\/gndolegal.com\/en\/constitutional-court-decision-on-disposition-deemed-as-gift-under-law-no-6183\/\",\"name\":\"6183 Say\u0131l\u0131 Kanun Kapsam\u0131nda Ba\u011f\u0131\u015flama Say\u0131lan Tasarruflara \u0130li\u015fkin Anayasa Mahkemesi Karar\u0131 - GNDO Legal | G\u00fcnd\u00fcz &amp; \u00d6zgen\u00e7 Avukatl\u0131k Ortakl\u0131\u011f\u0131\",\"isPartOf\":{\"@id\":\"https:\/\/gndolegal.com\/#website\"},\"primaryImageOfPage\":{\"@id\":\"https:\/\/gndolegal.com\/en\/constitutional-court-decision-on-disposition-deemed-as-gift-under-law-no-6183\/#primaryimage\"},\"image\":{\"@id\":\"https:\/\/gndolegal.com\/en\/constitutional-court-decision-on-disposition-deemed-as-gift-under-law-no-6183\/#primaryimage\"},\"thumbnailUrl\":\"https:\/\/gndolegal.com\/wp-content\/uploads\/2023\/07\/ds-jpg.webp\",\"datePublished\":\"2023-10-10T18:13:09+00:00\",\"dateModified\":\"2023-10-10T20:23:26+00:00\",\"breadcrumb\":{\"@id\":\"https:\/\/gndolegal.com\/en\/constitutional-court-decision-on-disposition-deemed-as-gift-under-law-no-6183\/#breadcrumb\"},\"inLanguage\":\"en-US\",\"potentialAction\":[{\"@type\":\"ReadAction\",\"target\":[\"https:\/\/gndolegal.com\/en\/constitutional-court-decision-on-disposition-deemed-as-gift-under-law-no-6183\/\"]}]},{\"@type\":\"ImageObject\",\"inLanguage\":\"en-US\",\"@id\":\"https:\/\/gndolegal.com\/en\/constitutional-court-decision-on-disposition-deemed-as-gift-under-law-no-6183\/#primaryimage\",\"url\":\"https:\/\/gndolegal.com\/wp-content\/uploads\/2023\/07\/ds-jpg.webp\",\"contentUrl\":\"https:\/\/gndolegal.com\/wp-content\/uploads\/2023\/07\/ds-jpg.webp\"},{\"@type\":\"BreadcrumbList\",\"@id\":\"https:\/\/gndolegal.com\/en\/constitutional-court-decision-on-disposition-deemed-as-gift-under-law-no-6183\/#breadcrumb\",\"itemListElement\":[{\"@type\":\"ListItem\",\"position\":1,\"name\":\"Anasayfa\",\"item\":\"https:\/\/gndolegal.com\/en\/\"},{\"@type\":\"ListItem\",\"position\":2,\"name\":\"6183 Say\u0131l\u0131 Kanun Kapsam\u0131nda Ba\u011f\u0131\u015flama Say\u0131lan Tasarruflara \u0130li\u015fkin Anayasa Mahkemesi Karar\u0131\"}]},{\"@type\":\"WebSite\",\"@id\":\"https:\/\/gndolegal.com\/#website\",\"url\":\"https:\/\/gndolegal.com\/\",\"name\":\"GNDO Legal\",\"description\":\"Vergi Uyu\u015fmazl\u0131klar\u0131 \u00c7\u00f6z\u00fcm Merkezi\",\"publisher\":{\"@id\":\"https:\/\/gndolegal.com\/#organization\"},\"potentialAction\":[{\"@type\":\"SearchAction\",\"target\":{\"@type\":\"EntryPoint\",\"urlTemplate\":\"https:\/\/gndolegal.com\/?s={search_term_string}\"},\"query-input\":{\"@type\":\"PropertyValueSpecification\",\"valueRequired\":true,\"valueName\":\"search_term_string\"}}],\"inLanguage\":\"en-US\"},{\"@type\":\"Organization\",\"@id\":\"https:\/\/gndolegal.com\/#organization\",\"name\":\"GNDO Legal\",\"alternateName\":\"G\u00fcnd\u00fcz & \u00d6zgen\u00e7 Avukatl\u0131k Ortakl\u0131\u011f\u0131\",\"url\":\"https:\/\/gndolegal.com\/\",\"logo\":{\"@type\":\"ImageObject\",\"inLanguage\":\"en-US\",\"@id\":\"https:\/\/gndolegal.com\/#\/schema\/logo\/image\/\",\"url\":\"https:\/\/gndolegal.com\/wp-content\/uploads\/2022\/12\/logo_retina.jpg\",\"contentUrl\":\"https:\/\/gndolegal.com\/wp-content\/uploads\/2022\/12\/logo_retina.jpg\",\"width\":250,\"height\":68,\"caption\":\"GNDO Legal\"},\"image\":{\"@id\":\"https:\/\/gndolegal.com\/#\/schema\/logo\/image\/\"},\"sameAs\":[\"https:\/\/www.linkedin.com\/company\/gndolegal\/\"]}]}<\/script>\n<!-- \/ Yoast SEO plugin. -->","yoast_head_json":{"title":"6183 Say\u0131l\u0131 Kanun Kapsam\u0131nda Ba\u011f\u0131\u015flama Say\u0131lan Tasarruflara \u0130li\u015fkin Anayasa Mahkemesi Karar\u0131 - GNDO Legal | G\u00fcnd\u00fcz &amp; \u00d6zgen\u00e7 Avukatl\u0131k Ortakl\u0131\u011f\u0131","robots":{"index":"index","follow":"follow","max-snippet":"max-snippet:-1","max-image-preview":"max-image-preview:large","max-video-preview":"max-video-preview:-1"},"canonical":"https:\/\/gndolegal.com\/en\/constitutional-court-decision-on-disposition-deemed-as-gift-under-law-no-6183\/","og_locale":"en_US","og_type":"article","og_title":"6183 Say\u0131l\u0131 Kanun Kapsam\u0131nda Ba\u011f\u0131\u015flama Say\u0131lan Tasarruflara \u0130li\u015fkin Anayasa Mahkemesi Karar\u0131 - GNDO Legal | G\u00fcnd\u00fcz &amp; \u00d6zgen\u00e7 Avukatl\u0131k Ortakl\u0131\u011f\u0131","og_description":"Constitutional Court Decision on Disposition Deemed as Gift under Law no. 6183 20 September 2023 Constitutional Court Decision on Disposition Deemed as Gift under Law no. 6183 Summary: In the [&hellip;]","og_url":"https:\/\/gndolegal.com\/en\/constitutional-court-decision-on-disposition-deemed-as-gift-under-law-no-6183\/","og_site_name":"GNDO Legal | G\u00fcnd\u00fcz &amp; \u00d6zgen\u00e7 Avukatl\u0131k Ortakl\u0131\u011f\u0131","article_modified_time":"2023-10-10T20:23:26+00:00","og_image":[{"url":"https:\/\/gndolegal.com\/wp-content\/uploads\/2023\/07\/ds-jpg.webp","type":"","width":"","height":""}],"twitter_card":"summary_large_image","twitter_misc":{"Est. reading time":"3 minutes"},"schema":{"@context":"https:\/\/schema.org","@graph":[{"@type":"WebPage","@id":"https:\/\/gndolegal.com\/en\/constitutional-court-decision-on-disposition-deemed-as-gift-under-law-no-6183\/","url":"https:\/\/gndolegal.com\/en\/constitutional-court-decision-on-disposition-deemed-as-gift-under-law-no-6183\/","name":"6183 Say\u0131l\u0131 Kanun Kapsam\u0131nda Ba\u011f\u0131\u015flama Say\u0131lan Tasarruflara \u0130li\u015fkin Anayasa Mahkemesi Karar\u0131 - GNDO Legal | G\u00fcnd\u00fcz &amp; \u00d6zgen\u00e7 Avukatl\u0131k Ortakl\u0131\u011f\u0131","isPartOf":{"@id":"https:\/\/gndolegal.com\/#website"},"primaryImageOfPage":{"@id":"https:\/\/gndolegal.com\/en\/constitutional-court-decision-on-disposition-deemed-as-gift-under-law-no-6183\/#primaryimage"},"image":{"@id":"https:\/\/gndolegal.com\/en\/constitutional-court-decision-on-disposition-deemed-as-gift-under-law-no-6183\/#primaryimage"},"thumbnailUrl":"https:\/\/gndolegal.com\/wp-content\/uploads\/2023\/07\/ds-jpg.webp","datePublished":"2023-10-10T18:13:09+00:00","dateModified":"2023-10-10T20:23:26+00:00","breadcrumb":{"@id":"https:\/\/gndolegal.com\/en\/constitutional-court-decision-on-disposition-deemed-as-gift-under-law-no-6183\/#breadcrumb"},"inLanguage":"en-US","potentialAction":[{"@type":"ReadAction","target":["https:\/\/gndolegal.com\/en\/constitutional-court-decision-on-disposition-deemed-as-gift-under-law-no-6183\/"]}]},{"@type":"ImageObject","inLanguage":"en-US","@id":"https:\/\/gndolegal.com\/en\/constitutional-court-decision-on-disposition-deemed-as-gift-under-law-no-6183\/#primaryimage","url":"https:\/\/gndolegal.com\/wp-content\/uploads\/2023\/07\/ds-jpg.webp","contentUrl":"https:\/\/gndolegal.com\/wp-content\/uploads\/2023\/07\/ds-jpg.webp"},{"@type":"BreadcrumbList","@id":"https:\/\/gndolegal.com\/en\/constitutional-court-decision-on-disposition-deemed-as-gift-under-law-no-6183\/#breadcrumb","itemListElement":[{"@type":"ListItem","position":1,"name":"Anasayfa","item":"https:\/\/gndolegal.com\/en\/"},{"@type":"ListItem","position":2,"name":"6183 Say\u0131l\u0131 Kanun Kapsam\u0131nda Ba\u011f\u0131\u015flama Say\u0131lan Tasarruflara \u0130li\u015fkin Anayasa Mahkemesi Karar\u0131"}]},{"@type":"WebSite","@id":"https:\/\/gndolegal.com\/#website","url":"https:\/\/gndolegal.com\/","name":"GNDO Legal","description":"Vergi Uyu\u015fmazl\u0131klar\u0131 \u00c7\u00f6z\u00fcm Merkezi","publisher":{"@id":"https:\/\/gndolegal.com\/#organization"},"potentialAction":[{"@type":"SearchAction","target":{"@type":"EntryPoint","urlTemplate":"https:\/\/gndolegal.com\/?s={search_term_string}"},"query-input":{"@type":"PropertyValueSpecification","valueRequired":true,"valueName":"search_term_string"}}],"inLanguage":"en-US"},{"@type":"Organization","@id":"https:\/\/gndolegal.com\/#organization","name":"GNDO Legal","alternateName":"G\u00fcnd\u00fcz & \u00d6zgen\u00e7 Avukatl\u0131k Ortakl\u0131\u011f\u0131","url":"https:\/\/gndolegal.com\/","logo":{"@type":"ImageObject","inLanguage":"en-US","@id":"https:\/\/gndolegal.com\/#\/schema\/logo\/image\/","url":"https:\/\/gndolegal.com\/wp-content\/uploads\/2022\/12\/logo_retina.jpg","contentUrl":"https:\/\/gndolegal.com\/wp-content\/uploads\/2022\/12\/logo_retina.jpg","width":250,"height":68,"caption":"GNDO Legal"},"image":{"@id":"https:\/\/gndolegal.com\/#\/schema\/logo\/image\/"},"sameAs":["https:\/\/www.linkedin.com\/company\/gndolegal\/"]}]}},"ticketed":false,"_links":{"self":[{"href":"https:\/\/gndolegal.com\/en\/wp-json\/wp\/v2\/pages\/6247","targetHints":{"allow":["GET"]}}],"collection":[{"href":"https:\/\/gndolegal.com\/en\/wp-json\/wp\/v2\/pages"}],"about":[{"href":"https:\/\/gndolegal.com\/en\/wp-json\/wp\/v2\/types\/page"}],"author":[{"embeddable":true,"href":"https:\/\/gndolegal.com\/en\/wp-json\/wp\/v2\/users\/1"}],"replies":[{"embeddable":true,"href":"https:\/\/gndolegal.com\/en\/wp-json\/wp\/v2\/comments?post=6247"}],"version-history":[{"count":7,"href":"https:\/\/gndolegal.com\/en\/wp-json\/wp\/v2\/pages\/6247\/revisions"}],"predecessor-version":[{"id":6303,"href":"https:\/\/gndolegal.com\/en\/wp-json\/wp\/v2\/pages\/6247\/revisions\/6303"}],"wp:attachment":[{"href":"https:\/\/gndolegal.com\/en\/wp-json\/wp\/v2\/media?parent=6247"}],"wp:term":[{"taxonomy":"category","embeddable":true,"href":"https:\/\/gndolegal.com\/en\/wp-json\/wp\/v2\/categories?post=6247"},{"taxonomy":"post_tag","embeddable":true,"href":"https:\/\/gndolegal.com\/en\/wp-json\/wp\/v2\/tags?post=6247"}],"curies":[{"name":"wp","href":"https:\/\/api.w.org\/{rel}","templated":true}]}}