{"id":6268,"date":"2023-10-10T23:08:36","date_gmt":"2023-10-10T20:08:36","guid":{"rendered":"https:\/\/gndolegal.com\/?page_id=6268"},"modified":"2023-10-10T23:22:50","modified_gmt":"2023-10-10T20:22:50","slug":"constitutional-court-decision-on-tax-safety-in-digital-service-tax","status":"publish","type":"page","link":"https:\/\/gndolegal.com\/en\/constitutional-court-decision-on-tax-safety-in-digital-service-tax\/","title":{"rendered":"Constitutional Court Decision on Tax Safety in Digital Service Tax"},"content":{"rendered":"\t\t<div data-elementor-type=\"wp-page\" data-elementor-id=\"6268\" class=\"elementor elementor-6268\">\n\t\t\t\t\t\t<section class=\"elementor-section elementor-top-section elementor-element elementor-element-0a10a20 elementor-section-full_width elementor-section-height-default elementor-section-height-default\" data-id=\"0a10a20\" data-element_type=\"section\" data-e-type=\"section\">\n\t\t\t\t\t\t<div class=\"elementor-container elementor-column-gap-default\">\n\t\t\t\t\t<div class=\"elementor-column elementor-col-100 elementor-top-column elementor-element elementor-element-89d3eb1\" data-id=\"89d3eb1\" data-element_type=\"column\" data-e-type=\"column\">\n\t\t\t<div class=\"elementor-widget-wrap elementor-element-populated\">\n\t\t\t\t\t\t<div class=\"elementor-element elementor-element-3184e56 elementor-widget elementor-widget-gva_post_breadcrumb\" data-id=\"3184e56\" data-element_type=\"widget\" data-e-type=\"widget\" data-widget_type=\"gva_post_breadcrumb.default\">\n\t\t\t\t<div class=\"elementor-widget-container\">\n\t\t\t\t\t<div class=\"gva-element-gva_post_breadcrumb gva-element\">   \r\n<div class=\"post-breadcrumb\">\r\n   <div class=\"custom-breadcrumb \" >\r\n               <div class=\"breadcrumb-overlay\" style=\"\"><\/div>\r\n            <div class=\"breadcrumb-main\">\r\n        <div class=\"container\">\r\n          <div class=\"breadcrumb-container-inner\">\r\n                      <\/div>  \r\n        <\/div>   \r\n      <\/div>  \r\n   <\/div>\r\n<\/div>      \r\n\r\n<\/div>\t\t\t\t<\/div>\n\t\t\t\t<\/div>\n\t\t\t\t\t<\/div>\n\t\t<\/div>\n\t\t\t\t\t<\/div>\n\t\t<\/section>\n\t\t\t\t<section class=\"elementor-section elementor-top-section elementor-element elementor-element-1754932f elementor-section-boxed elementor-section-height-default elementor-section-height-default\" data-id=\"1754932f\" data-element_type=\"section\" data-e-type=\"section\" data-settings=\"{&quot;background_background&quot;:&quot;classic&quot;}\">\n\t\t\t\t\t\t<div class=\"elementor-container elementor-column-gap-no\">\n\t\t\t\t\t<div class=\"elementor-column elementor-col-100 elementor-top-column elementor-element elementor-element-484e4b61\" data-id=\"484e4b61\" data-element_type=\"column\" data-e-type=\"column\">\n\t\t\t<div class=\"elementor-widget-wrap elementor-element-populated\">\n\t\t\t\t\t\t<section class=\"elementor-section elementor-inner-section elementor-element elementor-element-2d54f052 elementor-section-boxed elementor-section-height-default elementor-section-height-default\" data-id=\"2d54f052\" data-element_type=\"section\" data-e-type=\"section\">\n\t\t\t\t\t\t<div class=\"elementor-container elementor-column-gap-no\">\n\t\t\t\t\t<div class=\"elementor-column elementor-col-100 elementor-inner-column elementor-element elementor-element-137fbdc7\" data-id=\"137fbdc7\" data-element_type=\"column\" data-e-type=\"column\">\n\t\t\t<div class=\"elementor-widget-wrap elementor-element-populated\">\n\t\t\t\t\t\t<div class=\"elementor-element elementor-element-7796f7e0 animated-fast elementor-invisible elementor-widget elementor-widget-gva-heading-block\" data-id=\"7796f7e0\" data-element_type=\"widget\" data-e-type=\"widget\" data-settings=\"{&quot;_animation&quot;:&quot;fadeIn&quot;}\" data-widget_type=\"gva-heading-block.default\">\n\t\t\t\t<div class=\"elementor-widget-container\">\n\t\t\t\t\t<div class=\"gva-element-gva-heading-block gva-element\">   <div class=\"align-center style-1 widget gsc-heading box-align-center auto-responsive\">\r\n      <div class=\"content-inner\">\r\n         \r\n         \r\n           \r\n         \r\n                     <h2 class=\"title\">\r\n               <span>Constitutional Court Decision on Tax Safety in Digital Service Tax <\/span>\r\n            <\/h2>\r\n                  \r\n         \r\n      <\/div>\r\n   <\/div>\r\n<\/div>\t\t\t\t<\/div>\n\t\t\t\t<\/div>\n\t\t\t\t<div class=\"elementor-element elementor-element-a9ef1a8 animated-fast elementor-invisible elementor-widget elementor-widget-gva-heading-block\" data-id=\"a9ef1a8\" data-element_type=\"widget\" data-e-type=\"widget\" data-settings=\"{&quot;_animation&quot;:&quot;fadeIn&quot;}\" data-widget_type=\"gva-heading-block.default\">\n\t\t\t\t<div class=\"elementor-widget-container\">\n\t\t\t\t\t<div class=\"gva-element-gva-heading-block gva-element\">   <div class=\"align-center style-1 widget gsc-heading box-align-center \">\r\n      <div class=\"content-inner\">\r\n         \r\n         \r\n           \r\n         \r\n                     <h2 class=\"title\">\r\n               <span>13 September 2023<\/span>\r\n            <\/h2>\r\n                  \r\n         \r\n      <\/div>\r\n   <\/div>\r\n<\/div>\t\t\t\t<\/div>\n\t\t\t\t<\/div>\n\t\t\t\t\t<\/div>\n\t\t<\/div>\n\t\t\t\t\t<\/div>\n\t\t<\/section>\n\t\t\t\t\t<\/div>\n\t\t<\/div>\n\t\t\t\t\t<\/div>\n\t\t<\/section>\n\t\t\t\t<section class=\"elementor-section elementor-top-section elementor-element elementor-element-6c5beb0 elementor-section-boxed elementor-section-height-default elementor-section-height-default\" data-id=\"6c5beb0\" data-element_type=\"section\" data-e-type=\"section\">\n\t\t\t\t\t\t<div class=\"elementor-container elementor-column-gap-default\">\n\t\t\t\t\t<div class=\"elementor-column elementor-col-100 elementor-top-column elementor-element elementor-element-5a82530\" data-id=\"5a82530\" data-element_type=\"column\" data-e-type=\"column\">\n\t\t\t<div class=\"elementor-widget-wrap elementor-element-populated\">\n\t\t\t\t\t\t<div class=\"elementor-element elementor-element-66115c3 elementor-widget elementor-widget-heading\" data-id=\"66115c3\" data-element_type=\"widget\" data-e-type=\"widget\" data-widget_type=\"heading.default\">\n\t\t\t\t<div class=\"elementor-widget-container\">\n\t\t\t\t\t<h2 class=\"elementor-heading-title elementor-size-default\">Constitutional Court Decision on Tax Safety in Digital Service Tax <\/h2>\t\t\t\t<\/div>\n\t\t\t\t<\/div>\n\t\t\t\t<section class=\"elementor-section elementor-inner-section elementor-element elementor-element-fc3d8f8 elementor-section-boxed elementor-section-height-default elementor-section-height-default\" data-id=\"fc3d8f8\" data-element_type=\"section\" data-e-type=\"section\">\n\t\t\t\t\t\t<div class=\"elementor-container elementor-column-gap-default\">\n\t\t\t\t\t<div class=\"elementor-column elementor-col-100 elementor-inner-column elementor-element elementor-element-ec3ee70\" data-id=\"ec3ee70\" data-element_type=\"column\" data-e-type=\"column\">\n\t\t\t<div class=\"elementor-widget-wrap elementor-element-populated\">\n\t\t\t\t\t\t<div class=\"elementor-element elementor-element-d3de41f elementor-widget elementor-widget-text-editor\" data-id=\"d3de41f\" data-element_type=\"widget\" data-e-type=\"widget\" data-widget_type=\"text-editor.default\">\n\t\t\t\t<div class=\"elementor-widget-container\">\n\t\t\t\t\t\t\t\t\t<p><strong>Summary: <\/strong>Article 7(2) of Law no. 7194 stipulates that access to the services offered by digital service providers would be blocked in case of their failure to fulfill their tax obligations. It was claimed that the rule was contrary to Articles 10, 13, 22 and 26 of the Constitution. In consequence of its norm evaluation, the Constitutional Court concluded that the article conflicted with the Constitution.<\/p>\t\t\t\t\t\t\t\t<\/div>\n\t\t\t\t<\/div>\n\t\t\t\t\t<\/div>\n\t\t<\/div>\n\t\t\t\t\t<\/div>\n\t\t<\/section>\n\t\t\t\t<div class=\"elementor-element elementor-element-537b648 elementor-widget-divider--view-line elementor-widget elementor-widget-divider\" data-id=\"537b648\" data-element_type=\"widget\" data-e-type=\"widget\" data-widget_type=\"divider.default\">\n\t\t\t\t<div class=\"elementor-widget-container\">\n\t\t\t\t\t\t\t<div class=\"elementor-divider\">\n\t\t\t<span class=\"elementor-divider-separator\">\n\t\t\t\t\t\t<\/span>\n\t\t<\/div>\n\t\t\t\t\t\t<\/div>\n\t\t\t\t<\/div>\n\t\t\t\t<div class=\"elementor-element elementor-element-0704d14 elementor-widget elementor-widget-text-editor\" data-id=\"0704d14\" data-element_type=\"widget\" data-e-type=\"widget\" data-widget_type=\"text-editor.default\">\n\t\t\t\t<div class=\"elementor-widget-container\">\n\t\t\t\t\t\t\t\t\t<p><strong>Our Explanations:<\/strong><\/p><p><strong>Contents of the Article Subject to Cancellation Request<\/strong><\/p><p>Article 7(1) of the mentioned Law states that the digital service providers that fail to fulfill their obligations of submitting declarations and making payments for taxes under Tax Procedural Law in a timely manner, or their authorized representatives in T\u00fcrkiye, may be notified to fulfill such obligations by the tax office authorized to collect digital service tax through the notification methods, electronic mail or all other communication tools specified in Law no. 213 by using information from the contact details, domain name and IP address on their website or similar sources, and this situation is announced on the website of Revenue Administration. As stated in Article 7(2) of the Law, if such obligations are not fulfilled within thirty days after the notification, the Ministry of Treasury and Finance decides to block access to the services offered by such digital service providers, such decision is sent to the Information Technologies and Communication Agency to be notified to access providers, and implemented by access providers within twenty-four hours after the notification.<\/p><p>\u00a0<\/p><p><strong>Constitutional Court Decision no.<\/strong> <strong>E.2020\/11, K.2023\/98 dated 18\/05\/2023<\/strong><\/p><p>It was asserted that blocking access to the services offered by digital service providers in case of their failure to fulfill their obligations contradicted the principle of equality, that the decision of the Ministry of Treasury and Finance for blocking access to the services offered by digital service providers was a breach of freedom of communication because the justifications listed in the relevant Constitutional article and a duly accepted judicial decision are required to block communication, and that this was an intervention for the freedom of expressing and disseminating thoughts.<\/p><p>The Constitutional Court reached the following conclusions in its evaluations based on Article 48 \u201cFreedom of Work and Contract\u201d of the Constitution, which states that \u201c<em>Everyone has the freedom to work and conclude contracts in the field of his\/her choice. Establishment of private enterprises is free. The State shall take measures to ensure that private enterprises operate in accordance with national economic requirements and social objectives and in security and stability.\u201d <\/em><\/p><ul><li><strong>In Terms of Legality and Legitimate Purpose:<\/strong><\/li><\/ul><p>The rule that allows blocking access to the services offered by digital service providers restricts their freedom of undertaking. It is understood that the rule is specific, addressable and predictable, and therefore fulfills the principle of legality, considering that the article regulates the reason and method for blocking access to the services offered by digital service providers clearly and without leaving any room for doubt.<\/p><ul><li><strong>In Terms of Reasonable Means Evaluation: <\/strong><\/li><\/ul><p>Instead of conventional tax security precautions, which are understood to \u00a0\u00a0\u00a0\u00a0\u00a0\u00a0\u00a0 remain incapable to ensure fulfillment of tax obligations of digital service providers that do not have physical permanent workplaces and generally carry out their activities online, it is natural to resort to some precautions on the website where they carry out all activities. However, <em>the purpose that should be protected by law<\/em> and <em>the legal protection method (means) <\/em>defined in the law for the achievement of this purpose should be proportional. In this context, if there is a measure that would cause less harm to the rights and freedoms of the individual, it should be sufficient or should be applied first.<\/p><p>Blocking access to the services offered by digital service providers that fail to fulfill their obligations of submitting declarations and making payments under Tax Procedural Law in a timely manner means blocking access to the whole website where digital service providers offer their services, which is the heaviest sanction. It is understood that service providers are overburdened and the reasonable balance between freedom of enterprise and public interest is disturbed by directly deciding on blocking access, although it is possible to impose gradual tax security precautions for websites where digital service providers carry out all activities, starting with mild restrictions -such as advertisement bans, prevention of signing new contracts, gradual narrowing of internet traffic bandwidth, etc.-, resorting to heavier sanctions in case of the failure to fulfill tax obligations despite these restrictions, and in the final stage, blocking access to the whole website where digital service providers offer their services. Therefore, it is concluded that the restriction imposed on the freedom of undertaking is disproportionate and violates the principle of proportionality.<\/p><p>It was decided that the cancellation decision would enter into force 9 months after its publication on the Official Gazette.<\/p><p>The decision was published on the Official Gazette dated 12 September 2023, accessible via the attached link. <a href=\"https:\/\/www.resmigazete.gov.tr\/eskiler\/2023\/09\/20230912-3.pdf\">https:\/\/www.resmigazete.gov.tr\/eskiler\/2023\/09\/20230912-3.pdf<\/a><\/p><p>\u00a0<\/p><p>Regards,<\/p>\t\t\t\t\t\t\t\t<\/div>\n\t\t\t\t<\/div>\n\t\t\t\t<div class=\"elementor-element elementor-element-dbcde32 elementor-widget elementor-widget-image\" data-id=\"dbcde32\" data-element_type=\"widget\" data-e-type=\"widget\" data-widget_type=\"image.default\">\n\t\t\t\t<div class=\"elementor-widget-container\">\n\t\t\t\t\t\t\t\t\t\t\t\t\t\t\t<img decoding=\"async\" width=\"400\" height=\"97\" src=\"https:\/\/gndolegal.com\/wp-content\/uploads\/2023\/07\/ds-jpg.webp\" class=\"attachment-full size-full wp-image-5729\" alt=\"\" \/>\t\t\t\t\t\t\t\t\t\t\t\t\t\t\t<\/div>\n\t\t\t\t<\/div>\n\t\t\t\t\t<\/div>\n\t\t<\/div>\n\t\t\t\t\t<\/div>\n\t\t<\/section>\n\t\t\t\t<\/div>\n\t\t","protected":false},"excerpt":{"rendered":"<p>Constitutional Court Decision on Tax Safety in Digital Service Tax 13 September 2023 Constitutional Court Decision on Tax Safety in Digital Service Tax Summary: Article 7(2) of Law no. 7194 [&hellip;]<\/p>\n","protected":false},"author":1,"featured_media":0,"parent":0,"menu_order":0,"comment_status":"closed","ping_status":"closed","template":"","meta":{"_price":"","_stock":"","_tribe_ticket_header":"","_tribe_default_ticket_provider":"","_ticket_start_date":"","_ticket_end_date":"","_tribe_ticket_show_description":"","_tribe_ticket_show_not_going":false,"_tribe_ticket_use_global_stock":"","_tribe_ticket_global_stock_level":"","_global_stock_mode":"","_global_stock_cap":"","_tribe_rsvp_for_event":"","_tribe_ticket_going_count":"","_tribe_ticket_not_going_count":"","_tribe_tickets_list":"[]","_tribe_ticket_has_attendee_info_fields":false,"footnotes":"","_tec_slr_enabled":"","_tec_slr_layout":""},"categories":[],"tags":[],"class_list":["post-6268","page","type-page","status-publish","hentry"],"yoast_head":"<!-- This site is optimized with the Yoast SEO plugin v27.1.1 - https:\/\/yoast.com\/product\/yoast-seo-wordpress\/ -->\n<title>Constitutional Court Decision on Tax Safety in Digital Service Tax - GNDO Legal | G\u00fcnd\u00fcz &amp; \u00d6zgen\u00e7 Avukatl\u0131k Ortakl\u0131\u011f\u0131<\/title>\n<meta name=\"robots\" content=\"index, follow, max-snippet:-1, max-image-preview:large, max-video-preview:-1\" \/>\n<link rel=\"canonical\" href=\"https:\/\/gndolegal.com\/en\/constitutional-court-decision-on-tax-safety-in-digital-service-tax\/\" \/>\n<meta property=\"og:locale\" content=\"en_US\" \/>\n<meta property=\"og:type\" content=\"article\" \/>\n<meta property=\"og:title\" content=\"Constitutional Court Decision on Tax Safety in Digital Service Tax - GNDO Legal | G\u00fcnd\u00fcz &amp; \u00d6zgen\u00e7 Avukatl\u0131k Ortakl\u0131\u011f\u0131\" \/>\n<meta property=\"og:description\" content=\"Constitutional Court Decision on Tax Safety in Digital Service Tax 13 September 2023 Constitutional Court Decision on Tax Safety in Digital Service Tax Summary: Article 7(2) of Law no. 7194 [&hellip;]\" \/>\n<meta property=\"og:url\" content=\"https:\/\/gndolegal.com\/en\/constitutional-court-decision-on-tax-safety-in-digital-service-tax\/\" \/>\n<meta property=\"og:site_name\" content=\"GNDO Legal | G\u00fcnd\u00fcz &amp; \u00d6zgen\u00e7 Avukatl\u0131k Ortakl\u0131\u011f\u0131\" \/>\n<meta property=\"article:modified_time\" content=\"2023-10-10T20:22:50+00:00\" \/>\n<meta property=\"og:image\" content=\"https:\/\/gndolegal.com\/wp-content\/uploads\/2023\/07\/ds-jpg.webp\" \/>\n<meta name=\"twitter:card\" content=\"summary_large_image\" \/>\n<meta name=\"twitter:label1\" content=\"Est. reading time\" \/>\n\t<meta name=\"twitter:data1\" content=\"4 minutes\" \/>\n<script type=\"application\/ld+json\" class=\"yoast-schema-graph\">{\"@context\":\"https:\/\/schema.org\",\"@graph\":[{\"@type\":\"WebPage\",\"@id\":\"https:\/\/gndolegal.com\/en\/constitutional-court-decision-on-tax-safety-in-digital-service-tax\/\",\"url\":\"https:\/\/gndolegal.com\/en\/constitutional-court-decision-on-tax-safety-in-digital-service-tax\/\",\"name\":\"Constitutional Court Decision on Tax Safety in Digital Service Tax - GNDO Legal | G\u00fcnd\u00fcz &amp; \u00d6zgen\u00e7 Avukatl\u0131k Ortakl\u0131\u011f\u0131\",\"isPartOf\":{\"@id\":\"https:\/\/gndolegal.com\/#website\"},\"primaryImageOfPage\":{\"@id\":\"https:\/\/gndolegal.com\/en\/constitutional-court-decision-on-tax-safety-in-digital-service-tax\/#primaryimage\"},\"image\":{\"@id\":\"https:\/\/gndolegal.com\/en\/constitutional-court-decision-on-tax-safety-in-digital-service-tax\/#primaryimage\"},\"thumbnailUrl\":\"https:\/\/gndolegal.com\/wp-content\/uploads\/2023\/07\/ds-jpg.webp\",\"datePublished\":\"2023-10-10T20:08:36+00:00\",\"dateModified\":\"2023-10-10T20:22:50+00:00\",\"breadcrumb\":{\"@id\":\"https:\/\/gndolegal.com\/en\/constitutional-court-decision-on-tax-safety-in-digital-service-tax\/#breadcrumb\"},\"inLanguage\":\"en-US\",\"potentialAction\":[{\"@type\":\"ReadAction\",\"target\":[\"https:\/\/gndolegal.com\/en\/constitutional-court-decision-on-tax-safety-in-digital-service-tax\/\"]}]},{\"@type\":\"ImageObject\",\"inLanguage\":\"en-US\",\"@id\":\"https:\/\/gndolegal.com\/en\/constitutional-court-decision-on-tax-safety-in-digital-service-tax\/#primaryimage\",\"url\":\"https:\/\/gndolegal.com\/wp-content\/uploads\/2023\/07\/ds-jpg.webp\",\"contentUrl\":\"https:\/\/gndolegal.com\/wp-content\/uploads\/2023\/07\/ds-jpg.webp\"},{\"@type\":\"BreadcrumbList\",\"@id\":\"https:\/\/gndolegal.com\/en\/constitutional-court-decision-on-tax-safety-in-digital-service-tax\/#breadcrumb\",\"itemListElement\":[{\"@type\":\"ListItem\",\"position\":1,\"name\":\"Anasayfa\",\"item\":\"https:\/\/gndolegal.com\/en\/\"},{\"@type\":\"ListItem\",\"position\":2,\"name\":\"Constitutional Court Decision on Tax Safety in Digital Service Tax\"}]},{\"@type\":\"WebSite\",\"@id\":\"https:\/\/gndolegal.com\/#website\",\"url\":\"https:\/\/gndolegal.com\/\",\"name\":\"GNDO Legal\",\"description\":\"Vergi Uyu\u015fmazl\u0131klar\u0131 \u00c7\u00f6z\u00fcm Merkezi\",\"publisher\":{\"@id\":\"https:\/\/gndolegal.com\/#organization\"},\"potentialAction\":[{\"@type\":\"SearchAction\",\"target\":{\"@type\":\"EntryPoint\",\"urlTemplate\":\"https:\/\/gndolegal.com\/?s={search_term_string}\"},\"query-input\":{\"@type\":\"PropertyValueSpecification\",\"valueRequired\":true,\"valueName\":\"search_term_string\"}}],\"inLanguage\":\"en-US\"},{\"@type\":\"Organization\",\"@id\":\"https:\/\/gndolegal.com\/#organization\",\"name\":\"GNDO Legal\",\"alternateName\":\"G\u00fcnd\u00fcz & \u00d6zgen\u00e7 Avukatl\u0131k Ortakl\u0131\u011f\u0131\",\"url\":\"https:\/\/gndolegal.com\/\",\"logo\":{\"@type\":\"ImageObject\",\"inLanguage\":\"en-US\",\"@id\":\"https:\/\/gndolegal.com\/#\/schema\/logo\/image\/\",\"url\":\"https:\/\/gndolegal.com\/wp-content\/uploads\/2022\/12\/logo_retina.jpg\",\"contentUrl\":\"https:\/\/gndolegal.com\/wp-content\/uploads\/2022\/12\/logo_retina.jpg\",\"width\":250,\"height\":68,\"caption\":\"GNDO Legal\"},\"image\":{\"@id\":\"https:\/\/gndolegal.com\/#\/schema\/logo\/image\/\"},\"sameAs\":[\"https:\/\/www.linkedin.com\/company\/gndolegal\/\"]}]}<\/script>\n<!-- \/ Yoast SEO plugin. -->","yoast_head_json":{"title":"Constitutional Court Decision on Tax Safety in Digital Service Tax - GNDO Legal | G\u00fcnd\u00fcz &amp; \u00d6zgen\u00e7 Avukatl\u0131k Ortakl\u0131\u011f\u0131","robots":{"index":"index","follow":"follow","max-snippet":"max-snippet:-1","max-image-preview":"max-image-preview:large","max-video-preview":"max-video-preview:-1"},"canonical":"https:\/\/gndolegal.com\/en\/constitutional-court-decision-on-tax-safety-in-digital-service-tax\/","og_locale":"en_US","og_type":"article","og_title":"Constitutional Court Decision on Tax Safety in Digital Service Tax - GNDO Legal | G\u00fcnd\u00fcz &amp; \u00d6zgen\u00e7 Avukatl\u0131k Ortakl\u0131\u011f\u0131","og_description":"Constitutional Court Decision on Tax Safety in Digital Service Tax 13 September 2023 Constitutional Court Decision on Tax Safety in Digital Service Tax Summary: Article 7(2) of Law no. 7194 [&hellip;]","og_url":"https:\/\/gndolegal.com\/en\/constitutional-court-decision-on-tax-safety-in-digital-service-tax\/","og_site_name":"GNDO Legal | G\u00fcnd\u00fcz &amp; \u00d6zgen\u00e7 Avukatl\u0131k Ortakl\u0131\u011f\u0131","article_modified_time":"2023-10-10T20:22:50+00:00","og_image":[{"url":"https:\/\/gndolegal.com\/wp-content\/uploads\/2023\/07\/ds-jpg.webp","type":"","width":"","height":""}],"twitter_card":"summary_large_image","twitter_misc":{"Est. reading time":"4 minutes"},"schema":{"@context":"https:\/\/schema.org","@graph":[{"@type":"WebPage","@id":"https:\/\/gndolegal.com\/en\/constitutional-court-decision-on-tax-safety-in-digital-service-tax\/","url":"https:\/\/gndolegal.com\/en\/constitutional-court-decision-on-tax-safety-in-digital-service-tax\/","name":"Constitutional Court Decision on Tax Safety in Digital Service Tax - GNDO Legal | G\u00fcnd\u00fcz &amp; \u00d6zgen\u00e7 Avukatl\u0131k Ortakl\u0131\u011f\u0131","isPartOf":{"@id":"https:\/\/gndolegal.com\/#website"},"primaryImageOfPage":{"@id":"https:\/\/gndolegal.com\/en\/constitutional-court-decision-on-tax-safety-in-digital-service-tax\/#primaryimage"},"image":{"@id":"https:\/\/gndolegal.com\/en\/constitutional-court-decision-on-tax-safety-in-digital-service-tax\/#primaryimage"},"thumbnailUrl":"https:\/\/gndolegal.com\/wp-content\/uploads\/2023\/07\/ds-jpg.webp","datePublished":"2023-10-10T20:08:36+00:00","dateModified":"2023-10-10T20:22:50+00:00","breadcrumb":{"@id":"https:\/\/gndolegal.com\/en\/constitutional-court-decision-on-tax-safety-in-digital-service-tax\/#breadcrumb"},"inLanguage":"en-US","potentialAction":[{"@type":"ReadAction","target":["https:\/\/gndolegal.com\/en\/constitutional-court-decision-on-tax-safety-in-digital-service-tax\/"]}]},{"@type":"ImageObject","inLanguage":"en-US","@id":"https:\/\/gndolegal.com\/en\/constitutional-court-decision-on-tax-safety-in-digital-service-tax\/#primaryimage","url":"https:\/\/gndolegal.com\/wp-content\/uploads\/2023\/07\/ds-jpg.webp","contentUrl":"https:\/\/gndolegal.com\/wp-content\/uploads\/2023\/07\/ds-jpg.webp"},{"@type":"BreadcrumbList","@id":"https:\/\/gndolegal.com\/en\/constitutional-court-decision-on-tax-safety-in-digital-service-tax\/#breadcrumb","itemListElement":[{"@type":"ListItem","position":1,"name":"Anasayfa","item":"https:\/\/gndolegal.com\/en\/"},{"@type":"ListItem","position":2,"name":"Constitutional Court Decision on Tax Safety in Digital Service Tax"}]},{"@type":"WebSite","@id":"https:\/\/gndolegal.com\/#website","url":"https:\/\/gndolegal.com\/","name":"GNDO Legal","description":"Vergi Uyu\u015fmazl\u0131klar\u0131 \u00c7\u00f6z\u00fcm Merkezi","publisher":{"@id":"https:\/\/gndolegal.com\/#organization"},"potentialAction":[{"@type":"SearchAction","target":{"@type":"EntryPoint","urlTemplate":"https:\/\/gndolegal.com\/?s={search_term_string}"},"query-input":{"@type":"PropertyValueSpecification","valueRequired":true,"valueName":"search_term_string"}}],"inLanguage":"en-US"},{"@type":"Organization","@id":"https:\/\/gndolegal.com\/#organization","name":"GNDO Legal","alternateName":"G\u00fcnd\u00fcz & \u00d6zgen\u00e7 Avukatl\u0131k Ortakl\u0131\u011f\u0131","url":"https:\/\/gndolegal.com\/","logo":{"@type":"ImageObject","inLanguage":"en-US","@id":"https:\/\/gndolegal.com\/#\/schema\/logo\/image\/","url":"https:\/\/gndolegal.com\/wp-content\/uploads\/2022\/12\/logo_retina.jpg","contentUrl":"https:\/\/gndolegal.com\/wp-content\/uploads\/2022\/12\/logo_retina.jpg","width":250,"height":68,"caption":"GNDO Legal"},"image":{"@id":"https:\/\/gndolegal.com\/#\/schema\/logo\/image\/"},"sameAs":["https:\/\/www.linkedin.com\/company\/gndolegal\/"]}]}},"ticketed":false,"_links":{"self":[{"href":"https:\/\/gndolegal.com\/en\/wp-json\/wp\/v2\/pages\/6268","targetHints":{"allow":["GET"]}}],"collection":[{"href":"https:\/\/gndolegal.com\/en\/wp-json\/wp\/v2\/pages"}],"about":[{"href":"https:\/\/gndolegal.com\/en\/wp-json\/wp\/v2\/types\/page"}],"author":[{"embeddable":true,"href":"https:\/\/gndolegal.com\/en\/wp-json\/wp\/v2\/users\/1"}],"replies":[{"embeddable":true,"href":"https:\/\/gndolegal.com\/en\/wp-json\/wp\/v2\/comments?post=6268"}],"version-history":[{"count":7,"href":"https:\/\/gndolegal.com\/en\/wp-json\/wp\/v2\/pages\/6268\/revisions"}],"predecessor-version":[{"id":6297,"href":"https:\/\/gndolegal.com\/en\/wp-json\/wp\/v2\/pages\/6268\/revisions\/6297"}],"wp:attachment":[{"href":"https:\/\/gndolegal.com\/en\/wp-json\/wp\/v2\/media?parent=6268"}],"wp:term":[{"taxonomy":"category","embeddable":true,"href":"https:\/\/gndolegal.com\/en\/wp-json\/wp\/v2\/categories?post=6268"},{"taxonomy":"post_tag","embeddable":true,"href":"https:\/\/gndolegal.com\/en\/wp-json\/wp\/v2\/tags?post=6268"}],"curies":[{"name":"wp","href":"https:\/\/api.w.org\/{rel}","templated":true}]}}